{"id":882,"date":"2019-04-20T11:35:10","date_gmt":"2019-04-20T09:35:10","guid":{"rendered":"http:\/\/www.gartenbauverein-altenmarkt.de\/cms\/wordpress\/?page_id=882"},"modified":"2019-04-20T11:35:10","modified_gmt":"2019-04-20T09:35:10","slug":"archiv-2018","status":"publish","type":"page","link":"https:\/\/www.gartenbauverein-altenmarkt.de\/cms\/wordpress\/?page_id=882","title":{"rendered":"Archiv 2018"},"content":{"rendered":"<table style=\"font-size: 14px;\" border=\"0\">\n<tbody>\n<tr>\n<td>\n<div id=\"attachment_796\" style=\"width: 310px\" class=\"wp-caption alignleft\"><a href=\"https:\/\/www.gartenbauverein-altenmarkt.de\/cms\/wordpress\/?attachment_id=796\" rel=\"attachment wp-att-796\"><img loading=\"lazy\" decoding=\"async\" aria-describedby=\"caption-attachment-796\" class=\"size-medium wp-image-796\" src=\"https:\/\/www.gartenbauverein-altenmarkt.de\/cms\/wordpress\/wp-content\/uploads\/2018\/10\/181021-Pflanzentausch-2018-300x225.jpg\" alt=\"\" width=\"300\" height=\"225\" srcset=\"https:\/\/www.gartenbauverein-altenmarkt.de\/cms\/wordpress\/wp-content\/uploads\/2018\/10\/181021-Pflanzentausch-2018-300x225.jpg 300w, https:\/\/www.gartenbauverein-altenmarkt.de\/cms\/wordpress\/wp-content\/uploads\/2018\/10\/181021-Pflanzentausch-2018-768x576.jpg 768w, https:\/\/www.gartenbauverein-altenmarkt.de\/cms\/wordpress\/wp-content\/uploads\/2018\/10\/181021-Pflanzentausch-2018.jpg 1024w, https:\/\/www.gartenbauverein-altenmarkt.de\/cms\/wordpress\/wp-content\/uploads\/2018\/10\/181021-Pflanzentausch-2018-624x468.jpg 624w\" sizes=\"auto, (max-width: 300px) 100vw, 300px\" \/><\/a><p id=\"caption-attachment-796\" class=\"wp-caption-text\">Josef M\u00f6rwald, Kerstin Zimmermann und Waltraud Bierschneider (von rechts) im Gespr\u00e4ch mit einer Besucherin<\/p><\/div> Auch am Kirchweihsonntag 2018 beteiligte sich der Gartenbauverein Altenmarkt\/Rabenden am Altenmarkter Schwarzmarkt mit der allj\u00e4hrlich stattfindenden <strong>Blumen- und Pflanzentauschaktion<\/strong>, die am 21. Oktober stattfand. Das Wetter war wieder super, der Stand vor dem Rathaus war sehr gut frequentiert. Auch das &#8222;Gesch\u00e4ft&#8220; lief gut, denn viele Besucher brachten Pflanzen, Blumen, Str\u00e4ucher und dergleichen. Aber alles ging rei\u00dfend weg, so dass am Ende nicht mehr viel \u00fcbrig blieb.<\/td>\n<\/tr>\n<tr>\n<td>\n<div id=\"attachment_791\" style=\"width: 310px\" class=\"wp-caption alignleft\"><a href=\"https:\/\/www.gartenbauverein-altenmarkt.de\/cms\/wordpress\/?attachment_id=791\" rel=\"attachment wp-att-791\"><img loading=\"lazy\" decoding=\"async\" aria-describedby=\"caption-attachment-791\" class=\"size-medium wp-image-791\" src=\"https:\/\/www.gartenbauverein-altenmarkt.de\/cms\/wordpress\/wp-content\/uploads\/2018\/10\/181019-Herbstversammlung-2018-Putzhammer-300x225.jpg\" alt=\"\" width=\"300\" height=\"225\" srcset=\"https:\/\/www.gartenbauverein-altenmarkt.de\/cms\/wordpress\/wp-content\/uploads\/2018\/10\/181019-Herbstversammlung-2018-Putzhammer-300x225.jpg 300w, https:\/\/www.gartenbauverein-altenmarkt.de\/cms\/wordpress\/wp-content\/uploads\/2018\/10\/181019-Herbstversammlung-2018-Putzhammer-768x576.jpg 768w, https:\/\/www.gartenbauverein-altenmarkt.de\/cms\/wordpress\/wp-content\/uploads\/2018\/10\/181019-Herbstversammlung-2018-Putzhammer.jpg 1024w, https:\/\/www.gartenbauverein-altenmarkt.de\/cms\/wordpress\/wp-content\/uploads\/2018\/10\/181019-Herbstversammlung-2018-Putzhammer-624x468.jpg 624w\" sizes=\"auto, (max-width: 300px) 100vw, 300px\" \/><\/a><p id=\"caption-attachment-791\" class=\"wp-caption-text\">Markus Putzhammer spricht \u00fcber den Garten im Herbst<\/p><\/div><\/p>\n<p>Bei der <strong>Herbstversammlung<\/strong> am Freitag den 19. Oktober referierte der Kreisfachberater des Berchtesgadener Landes, Markus Putzhammer, \u00fcber den Garten im Herbst. Er erkl\u00e4rte, wie wichtig es ist, dass im Herbst die M\u00e4use gefangen werden und wie man sie am leichtesten f\u00e4ngt. In seiner herzhaft bayrischen Art gab er Tipps, was man mit dem vielen Laub anfangen kann, wie die Blumen am einfachsten \u00fcberwintert werden oder wie wichtig es ist, jetzt im Herbst die Schneckeneier zu sammeln und zu vernichten. Bei allen T\u00e4tigkeiten sollen die Kinder mit einbezogen werden, damit sie Freude am Garteln haben. Schlie\u00dflich sind sie die G\u00e4rtner von morgen. Vorstand M\u00f6rwald gab noch einen kurzen R\u00fcckblick \u00fcber die abgelaufene Gartensaison, stellte die vom Kreisverband initiierte Bodenprobenaktion vor und gab noch wichtige Termine der n\u00e4chsten Zeit bekannt.<\/p>\n<\/td>\n<\/tr>\n<tr>\n<td>\n<div id=\"attachment_727\" style=\"width: 310px\" class=\"wp-caption alignleft\"><a href=\"https:\/\/www.gartenbauverein-altenmarkt.de\/cms\/wordpress\/?attachment_id=727\" rel=\"attachment wp-att-727\"><img loading=\"lazy\" decoding=\"async\" aria-describedby=\"caption-attachment-727\" class=\"size-medium wp-image-727\" src=\"https:\/\/www.gartenbauverein-altenmarkt.de\/cms\/wordpress\/wp-content\/uploads\/2018\/05\/180505-Ausflug-G\u00e4rtnerei-Attel-300x225.jpg\" alt=\"\" width=\"300\" height=\"225\" srcset=\"https:\/\/www.gartenbauverein-altenmarkt.de\/cms\/wordpress\/wp-content\/uploads\/2018\/05\/180505-Ausflug-G\u00e4rtnerei-Attel-300x225.jpg 300w, https:\/\/www.gartenbauverein-altenmarkt.de\/cms\/wordpress\/wp-content\/uploads\/2018\/05\/180505-Ausflug-G\u00e4rtnerei-Attel-768x576.jpg 768w, https:\/\/www.gartenbauverein-altenmarkt.de\/cms\/wordpress\/wp-content\/uploads\/2018\/05\/180505-Ausflug-G\u00e4rtnerei-Attel.jpg 1024w, https:\/\/www.gartenbauverein-altenmarkt.de\/cms\/wordpress\/wp-content\/uploads\/2018\/05\/180505-Ausflug-G\u00e4rtnerei-Attel-624x468.jpg 624w\" sizes=\"auto, (max-width: 300px) 100vw, 300px\" \/><\/a><p id=\"caption-attachment-727\" class=\"wp-caption-text\">G\u00e4rtnermeister Steidle bepflanzt einen Musterkasten<\/p><\/div><\/p>\n<p>Am Samstag den 5. Mai fand der <strong>Vereinsausflug<\/strong> statt. Mit Privatautos wurde nach Attel gefahren und dort die G\u00e4rtnerei der Stiftung Attl besichtigt. G\u00e4rtnermeister Rainer Steidle f\u00fchrt mit vielen fachlichen Informationen durch den Betrieb. Im Bereich der G\u00e4rtnerei unterst\u00fctzen mehr als 20 Behinderte die fest angestellten G\u00e4rtner. Steidle erkl\u00e4rte auch, dass die G\u00e4rtnerei schon vor Jahren den Einsatz von chemischen Pflanzenschutzmitteln reduzierte und seitdem Zug um Zug auf biologische Sch\u00e4dlingsbek\u00e4mpfung umgestellt habe. Bei der D\u00fcngung und Substratherstellung wird mittlerweile viel Bokhasi und Schafwolle verwendet. Rainer Steidle erstellte dann mit diesen Stoffen einen Musterkasten und bepflanzte  ihn. Die Entwicklung der Pflanzen kann dann beim Tag der offenen T\u00fcre am 30. Juni besichtigt werden kann. Vorstand M\u00f6rwald bedankte sich bei Rainer Steidle mit edlem Gerstensaft aus der heimischen Baumburger Brauerei. Zum Schlu\u00df bestand noch die M\u00f6glichkeit, im Attler Laden Produkte aus dem Sortiment zu kaufen.<\/p>\n<\/td>\n<\/tr>\n<tr>\n<td>\n<div id=\"attachment_726\" style=\"width: 310px\" class=\"wp-caption alignleft\"><a href=\"https:\/\/www.gartenbauverein-altenmarkt.de\/cms\/wordpress\/?attachment_id=726\" rel=\"attachment wp-att-726\"><img loading=\"lazy\" decoding=\"async\" aria-describedby=\"caption-attachment-726\" class=\"size-medium wp-image-726\" src=\"https:\/\/www.gartenbauverein-altenmarkt.de\/cms\/wordpress\/wp-content\/uploads\/2018\/05\/180323-Fr\u00fchjahrsversammlung-2018-300x225.jpg\" alt=\"\" width=\"300\" height=\"225\" srcset=\"https:\/\/www.gartenbauverein-altenmarkt.de\/cms\/wordpress\/wp-content\/uploads\/2018\/05\/180323-Fr\u00fchjahrsversammlung-2018-300x225.jpg 300w, https:\/\/www.gartenbauverein-altenmarkt.de\/cms\/wordpress\/wp-content\/uploads\/2018\/05\/180323-Fr\u00fchjahrsversammlung-2018-768x576.jpg 768w, https:\/\/www.gartenbauverein-altenmarkt.de\/cms\/wordpress\/wp-content\/uploads\/2018\/05\/180323-Fr\u00fchjahrsversammlung-2018.jpg 1024w, https:\/\/www.gartenbauverein-altenmarkt.de\/cms\/wordpress\/wp-content\/uploads\/2018\/05\/180323-Fr\u00fchjahrsversammlung-2018-624x468.jpg 624w\" sizes=\"auto, (max-width: 300px) 100vw, 300px\" \/><\/a><p id=\"caption-attachment-726\" class=\"wp-caption-text\">Sch\u00f6ne Blumenst\u00f6cke warten auf die Geehrten<\/p><\/div><\/p>\n<p>Die <strong>Fr\u00fchjahrsversammlung<\/strong> fand am Freitag den 23. M\u00e4rz im Pfarrheim statt. Nach der Begr\u00fc\u00dfung durch 1. Vorstand Josef M\u00f6rwald und dem Gedenken an die im letzten Jahr verstorbenen Mitglieder hielt Schriftf\u00fchrerin Kerstin Zimmermann einen mit vielen Bildern hinterlegten Jahresbericht. Kassenverwalterin Elisabeth Schmid legte den Kassenbericht ab. Nach der Entlastung wurden wieder langj\u00e4hrige, verdiente Mitglieder geehrt. 10 Mitglieder wurden mit der silbernen Ehrennadel und Urkunde f\u00fcr 25 j\u00e4hrige Mitgliedschaft ausgezeichnet, 1 Mitglieder erhielt die goldene Ehrennadel f\u00fcr 40 j\u00e4hrige Mitgliedschaft, 6 Mitglieder konnten f\u00fcr 50 Jahre Mitgliedschaft mit der goldenen Ehrennadel mit Kranz geehrt werden und 1 Mitglied kann sogar auf 60 Jahre Mitgliedschaft beim Gartenbauverein zur\u00fcckblicken. Als Dank bekam jedes geehrte Mitglied noch einen Blumenstock. Anschlie\u00dfend wurde die neue Satzung beschlossen; dies war erforderlich, da die bestehende Satzung aus dem Jahre 1998 nicht mehr aktuell war. Die Aktivit\u00e4ten der Wurzelkinderbande wurden in einer Bilderschau in der Pause gezeigt. Nach der Pause hielt G\u00e4rtnermeister Rainer Steidle aus Attel einen sehr interessanten Vortrag \u00fcber &#8222;Gem\u00fcse aus dem eigenen Garten&#8220;. Zum Schlu\u00df folgten noch einige Informationen \u00fcber Aktivit\u00e4ten in der kommenden Gartensaison.<\/p>\n<\/td>\n<\/tr>\n<\/tbody>\n<\/table>\n","protected":false},"excerpt":{"rendered":"<p>Auch am Kirchweihsonntag 2018 beteiligte sich der Gartenbauverein Altenmarkt\/Rabenden am Altenmarkter Schwarzmarkt mit der allj\u00e4hrlich stattfindenden Blumen- und Pflanzentauschaktion, die am 21. Oktober stattfand. Das Wetter war wieder super, der Stand vor dem Rathaus war sehr gut frequentiert. Auch das &#8222;Gesch\u00e4ft&#8220; lief gut, denn viele Besucher brachten Pflanzen, Blumen, Str\u00e4ucher und dergleichen. Aber alles ging [&hellip;]<\/p>\n","protected":false},"author":1,"featured_media":0,"parent":40,"menu_order":0,"comment_status":"closed","ping_status":"closed","template":"","meta":{"footnotes":""},"class_list":["post-882","page","type-page","status-publish","hentry"],"_links":{"self":[{"href":"https:\/\/www.gartenbauverein-altenmarkt.de\/cms\/wordpress\/index.php?rest_route=\/wp\/v2\/pages\/882","targetHints":{"allow":["GET"]}}],"collection":[{"href":"https:\/\/www.gartenbauverein-altenmarkt.de\/cms\/wordpress\/index.php?rest_route=\/wp\/v2\/pages"}],"about":[{"href":"https:\/\/www.gartenbauverein-altenmarkt.de\/cms\/wordpress\/index.php?rest_route=\/wp\/v2\/types\/page"}],"author":[{"embeddable":true,"href":"https:\/\/www.gartenbauverein-altenmarkt.de\/cms\/wordpress\/index.php?rest_route=\/wp\/v2\/users\/1"}],"replies":[{"embeddable":true,"href":"https:\/\/www.gartenbauverein-altenmarkt.de\/cms\/wordpress\/index.php?rest_route=%2Fwp%2Fv2%2Fcomments&post=882"}],"version-history":[{"count":2,"href":"https:\/\/www.gartenbauverein-altenmarkt.de\/cms\/wordpress\/index.php?rest_route=\/wp\/v2\/pages\/882\/revisions"}],"predecessor-version":[{"id":884,"href":"https:\/\/www.gartenbauverein-altenmarkt.de\/cms\/wordpress\/index.php?rest_route=\/wp\/v2\/pages\/882\/revisions\/884"}],"up":[{"embeddable":true,"href":"https:\/\/www.gartenbauverein-altenmarkt.de\/cms\/wordpress\/index.php?rest_route=\/wp\/v2\/pages\/40"}],"wp:attachment":[{"href":"https:\/\/www.gartenbauverein-altenmarkt.de\/cms\/wordpress\/index.php?rest_route=%2Fwp%2Fv2%2Fmedia&parent=882"}],"curies":[{"name":"wp","href":"https:\/\/api.w.org\/{rel}","templated":true}]}}