{"id":622,"date":"2017-04-14T14:32:43","date_gmt":"2017-04-14T12:32:43","guid":{"rendered":"http:\/\/www.gartenbauverein-altenmarkt.de\/cms\/wordpress\/?page_id=622"},"modified":"2022-11-27T10:09:49","modified_gmt":"2022-11-27T08:09:49","slug":"archiv-2016","status":"publish","type":"page","link":"https:\/\/www.gartenbauverein-altenmarkt.de\/cms\/wordpress\/?page_id=622","title":{"rendered":"Archiv 2016"},"content":{"rendered":"<table style=\"font-size: 14px;\" border=\"0\">\n<tbody>\n<tr>\n<td><div id=\"attachment_592\" style=\"width: 310px\" class=\"wp-caption alignleft\"><a href=\"https:\/\/www.gartenbauverein-altenmarkt.de\/cms\/wordpress\/?attachment_id=592\" rel=\"attachment wp-att-592\"><img loading=\"lazy\" decoding=\"async\" aria-describedby=\"caption-attachment-592\" class=\"size-medium wp-image-592\" src=\"https:\/\/www.gartenbauverein-altenmarkt.de\/cms\/wordpress\/wp-content\/uploads\/2013\/03\/161016-Blumentauschb\u00f6rse-2016-300x225.jpg\" alt=\"Waltraud Bierschneider, Josef M\u00f6rwald und Kerstin Zimmermann vor einem Teil ihres Tauschangebotes\" width=\"300\" height=\"225\" srcset=\"https:\/\/www.gartenbauverein-altenmarkt.de\/cms\/wordpress\/wp-content\/uploads\/2013\/03\/161016-Blumentauschb\u00f6rse-2016-300x225.jpg 300w, https:\/\/www.gartenbauverein-altenmarkt.de\/cms\/wordpress\/wp-content\/uploads\/2013\/03\/161016-Blumentauschb\u00f6rse-2016-768x576.jpg 768w, https:\/\/www.gartenbauverein-altenmarkt.de\/cms\/wordpress\/wp-content\/uploads\/2013\/03\/161016-Blumentauschb\u00f6rse-2016-1024x768.jpg 1024w, https:\/\/www.gartenbauverein-altenmarkt.de\/cms\/wordpress\/wp-content\/uploads\/2013\/03\/161016-Blumentauschb\u00f6rse-2016-624x468.jpg 624w\" sizes=\"auto, (max-width: 300px) 100vw, 300px\" \/><\/a><p id=\"caption-attachment-592\" class=\"wp-caption-text\">Waltraud Bierschneider, Josef M\u00f6rwald und Kerstin Zimmermann vor einem Teil ihres Tauschangebotes<\/p><\/div><\/p>\n<p>Im Rahmen des Altenmarkter Schwarzmarktes 2016 fand am 16. Oktober die<strong> Blumen- und Pflanzentauschb\u00f6rse<\/strong> statt. der Verein hat sich wie bereits 2015, vor dem Rathaus positioniert. Viele Besucher schauten am Stand des Gartenbauvereins vorbei, einige brachten auch Pflanzen vorbei bzw. deckten sich mit Waren ein. Das sehr sonnige Herbstwetter bereicherte die Aktion.<\/p>\n<\/td>\n<\/tr>\n<tr>\n<td><div id=\"attachment_590\" style=\"width: 310px\" class=\"wp-caption alignleft\"><a href=\"https:\/\/www.gartenbauverein-altenmarkt.de\/cms\/wordpress\/?attachment_id=590\" rel=\"attachment wp-att-590\"><img loading=\"lazy\" decoding=\"async\" aria-describedby=\"caption-attachment-590\" class=\"size-medium wp-image-590\" src=\"https:\/\/www.gartenbauverein-altenmarkt.de\/cms\/wordpress\/wp-content\/uploads\/2013\/03\/161014-Herbstversammlung-300x227.jpg\" alt=\"Hans Alt zeigt, wie man Hortensien vermehrt\" width=\"300\" height=\"227\" srcset=\"https:\/\/www.gartenbauverein-altenmarkt.de\/cms\/wordpress\/wp-content\/uploads\/2013\/03\/161014-Herbstversammlung-300x227.jpg 300w, https:\/\/www.gartenbauverein-altenmarkt.de\/cms\/wordpress\/wp-content\/uploads\/2013\/03\/161014-Herbstversammlung-768x580.jpg 768w, https:\/\/www.gartenbauverein-altenmarkt.de\/cms\/wordpress\/wp-content\/uploads\/2013\/03\/161014-Herbstversammlung-1024x773.jpg 1024w, https:\/\/www.gartenbauverein-altenmarkt.de\/cms\/wordpress\/wp-content\/uploads\/2013\/03\/161014-Herbstversammlung-624x471.jpg 624w\" sizes=\"auto, (max-width: 300px) 100vw, 300px\" \/><\/a><p id=\"caption-attachment-590\" class=\"wp-caption-text\">Hans Alt zeigt, wie man Hortensien vermehrt<\/p><\/div><\/p>\n<p>Hortensienspezialist Hans Alt, der selber \u00fcber 400 Sorten Hortensien in seiner Pockinger G\u00e4rtnerei anbietet, schilderte bei der<strong> Herbstversammlung<\/strong>, die am 14. Oktober im Pfarrsaal stattfand, wie er zu seiner Leidenschaft kam. Hortensien sind sein Lieblingsgew\u00e4chs, erz\u00e4hlte er. Alt ging in seinem Referat auf die D\u00fcngung, den pH-Wert und die Wasserversorgung ein. Sollen Hortensien blau bl\u00fchen, ist die richtige D\u00fcngung und ein sehr niedriger pH-Wert sehr wichtig. Da das Wasser in unserer Gegend sehr kalkhaltig ist, sollte man am besten mit kalk\u00e4rmeren Regenwasser gie\u00dfen, und das nicht zu wenig. Auch, wie man Hortensien vermehrt, zeigte er. Hortensien m\u00fcssen im Herbst nicht unbedingt geschnitten werden, man kann sie den Winter \u00fcber ruhig stehen lassen. Bei Frost ist ihr Anblick wundersch\u00f6n. Sie k\u00f6nnen aber auch im Herbst bzw. im Winter als Trockengesteck verwendet werden. Er ging auch auf die verschiedenen Arten wie Teller-, Rispen-, Ball- und Kletterhortensien ein. Ein Themenschwerpunkt waren auch die Sch\u00e4dlinge und Krankheiten. Mit reicher Information konnten die Besucher wieder nach Hause gehen.<\/p>\n<\/td>\n<\/tr>\n<tr>\n<td><div id=\"attachment_571\" style=\"width: 310px\" class=\"wp-caption alignleft\"><a href=\"https:\/\/www.gartenbauverein-altenmarkt.de\/cms\/wordpress\/?attachment_id=571\" rel=\"attachment wp-att-571\"><img loading=\"lazy\" decoding=\"async\" aria-describedby=\"caption-attachment-571\" class=\" wp-image-571\" src=\"https:\/\/www.gartenbauverein-altenmarkt.de\/cms\/wordpress\/wp-content\/uploads\/2013\/03\/160729-Ausflug-2016-300x225.jpg\" alt=\"Gespannt beobachten alle Teilnehmer den Flug der Bienen vor dem Bienenhaus und lauschen, was Hans Schmid dazu erz\u00e4hlt.\" width=\"300\" height=\"225\" srcset=\"https:\/\/www.gartenbauverein-altenmarkt.de\/cms\/wordpress\/wp-content\/uploads\/2013\/03\/160729-Ausflug-2016-300x225.jpg 300w, https:\/\/www.gartenbauverein-altenmarkt.de\/cms\/wordpress\/wp-content\/uploads\/2013\/03\/160729-Ausflug-2016-768x576.jpg 768w, https:\/\/www.gartenbauverein-altenmarkt.de\/cms\/wordpress\/wp-content\/uploads\/2013\/03\/160729-Ausflug-2016.jpg 1024w, https:\/\/www.gartenbauverein-altenmarkt.de\/cms\/wordpress\/wp-content\/uploads\/2013\/03\/160729-Ausflug-2016-624x468.jpg 624w\" sizes=\"auto, (max-width: 300px) 100vw, 300px\" \/><\/a><p id=\"caption-attachment-571\" class=\"wp-caption-text\">Gespannt beobachten alle Teilnehmer den Flug der Bienen vor dem Bienenhaus und lauschen, was Hans Schmid dazu erz\u00e4hlt.<\/p><\/div><\/p>\n<p>Der diesj\u00e4hrige <strong>Vereinsausflug<\/strong> des Gartenbauvereins f\u00fchrte am Freitag den 29. Juli zum Biolandhof der Familie Schmid in Bern\u00f6d bei Waldhausen. 26 Mitglieder zeigten Interesse an dieser F\u00fchrung. Hans Schmid zeigte zu Beginn seine acht verschiedenen Bienenweiden, die er letztes Jahr ausges\u00e4t hatte und mit denen er \u00fcber einen Zeitraum von 5 Jahren eine Versuch durchf\u00fchren will. 2. Station war seine Streuobstwiese mit einem Apfelbaum, auf dem 170 Sorten veredelt sind. Nun ging es zum 1991 angelegten Biotop, eine Oase der Ruhe. Es folgten das Bienenhaus und der Schleuderraum, wo der Honig ausgeschleudert wird. Letztendlich gab er noch einen Einblick in seinen selbst erstellten Erdkeller und in die Obstpresserei. Bei einem kleinen Imbiss mit interessanten Diskussionen klang der sehr interessante Abend aus.<\/p>\n<\/td>\n<\/tr>\n<tr>\n<td><div id=\"attachment_517\" style=\"width: 310px\" class=\"wp-caption alignleft\"><a href=\"https:\/\/www.gartenbauverein-altenmarkt.de\/cms\/wordpress\/?attachment_id=517\" rel=\"attachment wp-att-517\"><img loading=\"lazy\" decoding=\"async\" aria-describedby=\"caption-attachment-517\" class=\"size-medium wp-image-517\" src=\"https:\/\/www.gartenbauverein-altenmarkt.de\/cms\/wordpress\/wp-content\/uploads\/2013\/03\/160318-Fr\u00fchjahrsversammlung-GBV-300x225.jpg\" alt=\"Die Geehrten der Fr\u00fchjahrsversammlung 2016:  Sitzend von links: Ursula Kraus, Gottfried Wallner und Maria Peteranderl. hinten von links: Maria Randlinger, Resi Gilg (Versammlungsleiterin), dahinter versteckt Anna Oettl, Hermine Obermayer, Heidi Riederer, Kriemhild Geiler f\u00fcr Wolfgang Geiler, Waltraud Bierschneider f\u00fcr Sebastian Kollmann, Peter Hofmann, Zita Sch\u00f6nhofer, Horst Rieplhuber, Georg Vollmaier, Inge Auer, Konrad Hauer, Loni K\u00f6ck f\u00fcr Johann K\u00f6ck und Alfred Bachler\" width=\"300\" height=\"225\" srcset=\"https:\/\/www.gartenbauverein-altenmarkt.de\/cms\/wordpress\/wp-content\/uploads\/2013\/03\/160318-Fr\u00fchjahrsversammlung-GBV-300x225.jpg 300w, https:\/\/www.gartenbauverein-altenmarkt.de\/cms\/wordpress\/wp-content\/uploads\/2013\/03\/160318-Fr\u00fchjahrsversammlung-GBV-768x576.jpg 768w, https:\/\/www.gartenbauverein-altenmarkt.de\/cms\/wordpress\/wp-content\/uploads\/2013\/03\/160318-Fr\u00fchjahrsversammlung-GBV.jpg 1024w, https:\/\/www.gartenbauverein-altenmarkt.de\/cms\/wordpress\/wp-content\/uploads\/2013\/03\/160318-Fr\u00fchjahrsversammlung-GBV-624x468.jpg 624w\" sizes=\"auto, (max-width: 300px) 100vw, 300px\" \/><\/a><p id=\"caption-attachment-517\" class=\"wp-caption-text\">Die Geehrten der Fr\u00fchjahrsversammlung 2016:<br \/>\n Sitzend von links: Ursula Kraus, Gottfried Wallner und Maria Peteranderl. hinten von links: Maria Randlinger, Resi Gilg (Versammlungsleiterin), dahinter versteckt Anna Oettl, Hermine Obermayer, Heidi Riederer, Kriemhild Geiler f\u00fcr Wolfgang Geiler, Waltraud Bierschneider f\u00fcr Sebastian Kollmann, Peter Hofmann, Zita Sch\u00f6nhofer, Horst Rieplhuber, Georg Vollmaier, Inge Auer, Konrad Hauer, Loni K\u00f6ck f\u00fcr Johann K\u00f6ck und Alfred Bachler<\/p><\/div><\/p>\n<p>Die<strong> Fr\u00fchjahrsversammlung<\/strong> des Gartenbauvereins war am Freitag den 18. M\u00e4rz im Pfarrheim. Resi Gilg sprang f\u00fcr die beiden erkrankten Vorst\u00e4nde ein und f\u00fchrte durch die abwechslungsreiche Versammlung. Alois Schr\u00f6gmeier, Kreisvorsitzender des Kreisverbandes Dingolfing-Landau, hielt ein Referat &#8222;Was Opa noch wu\u00dfte &#8211; alte G\u00e4rtnerweisheiten wieder entdeckt&#8220;. Schr\u00f6gmeier sammelt seit Jahren \u00fcberliefertes Wissen und gibt es an die heutige Generation weiter. Nach dem Gedenken an die im letzten Jahr verstorbenen Mitglieder hielt Schriftf\u00fchrerin Kerstin Zimmermann einen mit vielen Bildern hinterlegten Jahresbericht. \u00dcber die Aktivit\u00e4ten der Jugendgruppe &#8222;Wurzelkinderbande&#8220; berichteten Andrea Schweiger und Elisabeth M\u00fcller. Waltraud Bierschneider gab stellvertretend f\u00fcr Kassierin Elisabeth Schmid den Kassenbericht ab. Nach der Entlastung f\u00fchrte Resi Gilg die Ehrungen verdienter Mitglieder durch. 12 Mitglieder wurden mit der silbernen Ehrennadel und Urkunde f\u00fcr 25 j\u00e4hrige Mitgliedschaft ausgezeichnet, 6 Mitglieder erhielten die goldene Ehrennadel f\u00fcr 40 j\u00e4hrige Mitgliedschaft und ein Mitglied konnte f\u00fcr 50 Jahre Mitgliedschaft mit der goldenen Ehrennadel mit Kranz ausgezeichnet werden. Als Dank bekam jedes geehrte Mitglied noch einen Blumenstock. Zum Schlu\u00df gab Resi Gilg noch die Termine f\u00fcr das diesj\u00e4hrige Gartenjahr bekannt. Am Sonntag den 26. Juni ist in Stegreut bei Teisendorf der diesj\u00e4hrige Tag der offenen Gartent\u00fcr. Am Freitag den 29. Juli werden der Biolandbetrieb mit Obstpresserei Schmid und deren Bienenweiden in Bern\u00f6d bei Waldhausen besucht. Die Herbstversammlung ist am Freitag den 14. Oktober um 20 Uhr im Pfarrheim. Hans Alt aus Pocking spricht \u00fcber Hortensien.<\/p>\n<\/tbody>\n<\/table>\n","protected":false},"excerpt":{"rendered":"<p>Im Rahmen des Altenmarkter Schwarzmarktes 2016 fand am 16. Oktober die Blumen- und Pflanzentauschb\u00f6rse statt. der Verein hat sich wie bereits 2015, vor dem Rathaus positioniert. Viele Besucher schauten am Stand des Gartenbauvereins vorbei, einige brachten auch Pflanzen vorbei bzw. deckten sich mit Waren ein. Das sehr sonnige Herbstwetter bereicherte die Aktion. Hortensienspezialist Hans Alt, [&hellip;]<\/p>\n","protected":false},"author":1,"featured_media":0,"parent":40,"menu_order":0,"comment_status":"closed","ping_status":"closed","template":"","meta":{"footnotes":""},"class_list":["post-622","page","type-page","status-publish","hentry"],"_links":{"self":[{"href":"https:\/\/www.gartenbauverein-altenmarkt.de\/cms\/wordpress\/index.php?rest_route=\/wp\/v2\/pages\/622","targetHints":{"allow":["GET"]}}],"collection":[{"href":"https:\/\/www.gartenbauverein-altenmarkt.de\/cms\/wordpress\/index.php?rest_route=\/wp\/v2\/pages"}],"about":[{"href":"https:\/\/www.gartenbauverein-altenmarkt.de\/cms\/wordpress\/index.php?rest_route=\/wp\/v2\/types\/page"}],"author":[{"embeddable":true,"href":"https:\/\/www.gartenbauverein-altenmarkt.de\/cms\/wordpress\/index.php?rest_route=\/wp\/v2\/users\/1"}],"replies":[{"embeddable":true,"href":"https:\/\/www.gartenbauverein-altenmarkt.de\/cms\/wordpress\/index.php?rest_route=%2Fwp%2Fv2%2Fcomments&post=622"}],"version-history":[{"count":2,"href":"https:\/\/www.gartenbauverein-altenmarkt.de\/cms\/wordpress\/index.php?rest_route=\/wp\/v2\/pages\/622\/revisions"}],"predecessor-version":[{"id":624,"href":"https:\/\/www.gartenbauverein-altenmarkt.de\/cms\/wordpress\/index.php?rest_route=\/wp\/v2\/pages\/622\/revisions\/624"}],"up":[{"embeddable":true,"href":"https:\/\/www.gartenbauverein-altenmarkt.de\/cms\/wordpress\/index.php?rest_route=\/wp\/v2\/pages\/40"}],"wp:attachment":[{"href":"https:\/\/www.gartenbauverein-altenmarkt.de\/cms\/wordpress\/index.php?rest_route=%2Fwp%2Fv2%2Fmedia&parent=622"}],"curies":[{"name":"wp","href":"https:\/\/api.w.org\/{rel}","templated":true}]}}