{"id":535,"date":"2016-04-10T09:43:06","date_gmt":"2016-04-10T07:43:06","guid":{"rendered":"http:\/\/www.gartenbauverein-altenmarkt.de\/cms\/wordpress\/?page_id=535"},"modified":"2016-04-10T09:43:06","modified_gmt":"2016-04-10T07:43:06","slug":"archiv-jugendarbeit-2015","status":"publish","type":"page","link":"https:\/\/www.gartenbauverein-altenmarkt.de\/cms\/wordpress\/?page_id=535","title":{"rendered":"Archiv Jugendarbeit 2015"},"content":{"rendered":"<table style=\"font-size: 14px;\" border=\"0\">\n<tbody>\n<tr>\n<td><div id=\"attachment_495\" style=\"width: 310px\" class=\"wp-caption alignleft\"><a href=\"https:\/\/www.gartenbauverein-altenmarkt.de\/cms\/wordpress\/wp-content\/uploads\/2013\/03\/151203-Futterzapfen.jpg\"><img loading=\"lazy\" decoding=\"async\" aria-describedby=\"caption-attachment-495\" class=\"size-medium wp-image-495\" src=\"https:\/\/www.gartenbauverein-altenmarkt.de\/cms\/wordpress\/wp-content\/uploads\/2013\/03\/151203-Futterzapfen-300x225.jpg\" alt=\"Die ersten Futterzapfen sind bereits fertig gestellt und k\u00fchlen ab\" width=\"300\" height=\"225\" srcset=\"https:\/\/www.gartenbauverein-altenmarkt.de\/cms\/wordpress\/wp-content\/uploads\/2013\/03\/151203-Futterzapfen-300x225.jpg 300w, https:\/\/www.gartenbauverein-altenmarkt.de\/cms\/wordpress\/wp-content\/uploads\/2013\/03\/151203-Futterzapfen.jpg 1024w, https:\/\/www.gartenbauverein-altenmarkt.de\/cms\/wordpress\/wp-content\/uploads\/2013\/03\/151203-Futterzapfen-624x468.jpg 624w\" sizes=\"auto, (max-width: 300px) 100vw, 300px\" \/><\/a><p id=\"caption-attachment-495\" class=\"wp-caption-text\">Die ersten Futterzapfen sind bereits fertig gestellt und k\u00fchlen ab<\/p><\/div><\/p>\n<p>Beim Treffen am 3. Dezember wurden Futterzapfen f\u00fcr V\u00f6gel hergestellt. Daf\u00fcr haben wir erst Fett geschmolzen und wieder abk\u00fchlen lassen. Dann haben die Kinder die Zapfen durch das Fett gezogen, an denen sie zuvor eine Schnur gebunden hatten, anschlie\u00dfend wurde der Zapfen im Vogelfutter gew\u00e4lzt. Wir haben auch noch Futtert\u00f6rtchen gemacht, die dann auf ein Rindenst\u00fcck mit  Moos kamen. In der Wartezeit machten die Kinder noch einen Stern aus Astst\u00fccken.<\/p>\n<\/td>\n<\/tr>\n<tr>\n<td><div id=\"attachment_478\" style=\"width: 310px\" class=\"wp-caption alignleft\"><a href=\"https:\/\/www.gartenbauverein-altenmarkt.de\/cms\/wordpress\/wp-content\/uploads\/2013\/03\/151029-Wir-basteln-ein-Windlicht.jpg\"><img loading=\"lazy\" decoding=\"async\" aria-describedby=\"caption-attachment-478\" class=\"size-medium wp-image-478\" src=\"https:\/\/www.gartenbauverein-altenmarkt.de\/cms\/wordpress\/wp-content\/uploads\/2013\/03\/151029-Wir-basteln-ein-Windlicht-300x225.jpg\" alt=\"Das Bild zeigt einige fertige Windlichter und ein paar Bastler, die gerade ihre Kaminlichter fertig erstellen\" width=\"300\" height=\"225\" srcset=\"https:\/\/www.gartenbauverein-altenmarkt.de\/cms\/wordpress\/wp-content\/uploads\/2013\/03\/151029-Wir-basteln-ein-Windlicht-300x225.jpg 300w, https:\/\/www.gartenbauverein-altenmarkt.de\/cms\/wordpress\/wp-content\/uploads\/2013\/03\/151029-Wir-basteln-ein-Windlicht-1024x768.jpg 1024w, https:\/\/www.gartenbauverein-altenmarkt.de\/cms\/wordpress\/wp-content\/uploads\/2013\/03\/151029-Wir-basteln-ein-Windlicht-624x468.jpg 624w, https:\/\/www.gartenbauverein-altenmarkt.de\/cms\/wordpress\/wp-content\/uploads\/2013\/03\/151029-Wir-basteln-ein-Windlicht.jpg 1068w\" sizes=\"auto, (max-width: 300px) 100vw, 300px\" \/><\/a><p id=\"caption-attachment-478\" class=\"wp-caption-text\">Das Bild zeigt einige fertige Windlichter und ein paar Bastler, die gerade ihre Kaminh\u00f6lzer fertigstellen<\/p><\/div>Windlichter durften die 21 anwesenden Kinder am 29. Oktober basteln. Zuerst wurden die Gl\u00e4ser, in welche sp\u00e4ter die Lichter gestellt werden, mit farbiger oder matter Bananenfolie beklebt. Darauf kamen noch 6 d\u00fcnne Zweiglein, ein Schmuckband zum besseren Halt und anderes Zierwerk aus nat\u00fcrlichen Fr\u00fcchten , Bl\u00e4ttern oder \u00c4hnlichem. Wer Zeit und Lust hatte, durfte aus den von der Ferienaktion \u00fcbrig gebliebenen Materialien noch Kaminh\u00f6lzer basteln oder das sch\u00f6ne Wetter nutzen und draussen herumtollen.<\/td>\n<\/tr>\n<tr>\n<td><div id=\"attachment_460\" style=\"width: 310px\" class=\"wp-caption alignleft\"><a href=\"https:\/\/www.gartenbauverein-altenmarkt.de\/cms\/wordpress\/wp-content\/uploads\/2013\/03\/150925-Guckkasten.jpg\"><img loading=\"lazy\" decoding=\"async\" aria-describedby=\"caption-attachment-460\" class=\"size-medium wp-image-460\" src=\"https:\/\/www.gartenbauverein-altenmarkt.de\/cms\/wordpress\/wp-content\/uploads\/2013\/03\/150925-Guckkasten-300x225.jpg\" alt=\"Blick in den fertigen Guckkasten\" width=\"300\" height=\"225\" srcset=\"https:\/\/www.gartenbauverein-altenmarkt.de\/cms\/wordpress\/wp-content\/uploads\/2013\/03\/150925-Guckkasten-300x225.jpg 300w, https:\/\/www.gartenbauverein-altenmarkt.de\/cms\/wordpress\/wp-content\/uploads\/2013\/03\/150925-Guckkasten.jpg 1024w, https:\/\/www.gartenbauverein-altenmarkt.de\/cms\/wordpress\/wp-content\/uploads\/2013\/03\/150925-Guckkasten-624x468.jpg 624w\" sizes=\"auto, (max-width: 300px) 100vw, 300px\" \/><\/a><p id=\"caption-attachment-460\" class=\"wp-caption-text\">Blick in den fertigen Guckkasten<\/p><\/div><\/p>\n<p>Am 25. September wurden die Guckk\u00e4sten fertig gestellt, bei denen bereits im Februar begonnen wurde. Dieses Mal ging es um das Bef\u00fcllen. Die Kinder gingen in den Wald und sie hatten die Aufgabe, eine Elfenlandschaft im Karton zu gestalten. Dazu wurde flei\u00dfig Moos, \u00c4ste, Pilze, Rinde, Steine, Zapfen, Schneckenh\u00e4user und andere Naturmaterialien gesammelt. Nach beendeter Arbeit konnten Alle durch das Guckloch schauen und viele sch\u00f6ne Landschaften sehen.<\/p>\n<\/td>\n<\/tr>\n<tr>\n<td><div id=\"attachment_433\" style=\"width: 310px\" class=\"wp-caption alignleft\"><a href=\"https:\/\/www.gartenbauverein-altenmarkt.de\/cms\/wordpress\/wp-content\/uploads\/2013\/03\/150813-Ferienaktion-2015.jpg\"><img loading=\"lazy\" decoding=\"async\" aria-describedby=\"caption-attachment-433\" class=\"size-medium wp-image-433\" src=\"https:\/\/www.gartenbauverein-altenmarkt.de\/cms\/wordpress\/wp-content\/uploads\/2013\/03\/150813-Ferienaktion-2015-300x225.jpg\" alt=\"Die Beteiligten des Ferienprogrammes 2015 mit den von ihnen geschaffenen Werken\" width=\"300\" height=\"225\" srcset=\"https:\/\/www.gartenbauverein-altenmarkt.de\/cms\/wordpress\/wp-content\/uploads\/2013\/03\/150813-Ferienaktion-2015-300x225.jpg 300w, https:\/\/www.gartenbauverein-altenmarkt.de\/cms\/wordpress\/wp-content\/uploads\/2013\/03\/150813-Ferienaktion-2015.jpg 1024w, https:\/\/www.gartenbauverein-altenmarkt.de\/cms\/wordpress\/wp-content\/uploads\/2013\/03\/150813-Ferienaktion-2015-624x468.jpg 624w\" sizes=\"auto, (max-width: 300px) 100vw, 300px\" \/><\/a><p id=\"caption-attachment-433\" class=\"wp-caption-text\">Die Beteiligten des Ferienprogrammes 2015 mit den von ihnen geschaffenen Werken<\/p><\/div><\/p>\n<p>Am 13. August war die Gruppenstunde im Ferienprogramm des Gartenbauvereins integriert. Mehr als 40 Kinder kamen in die Pausenhalle des Schulhofes, um Kaminholzfiguren zu basteln. Die einzelnen Bauteile wie ein Scheitholz, einen Kopf aus Styropor, Spanstifte und andere zum Bau ben\u00f6tigte Materialien waren schon an den Arbeitspl\u00e4tzen vorbereitet. Die Kinder mu\u00dften dann die L\u00f6cher f\u00fcr die Arme und den Hals bohren. Anschlie\u00dfend wurden die Arme in Form von d\u00fcnnem Spagat eingesetzt und festgeklebt, das Gesicht aufgesetzt und bemalt. Auch eine fesche Frisur durfte nicht fehlen. So manches Kind verpa\u00dfte ihrem Liebling noch eine Kopfbedeckung aus einer Muschel oder eine andere Verzierung. Wer Zeit hatte, konnte auch noch einen Igel gestalten.<\/p>\n<\/td>\n<\/tr>\n<tr>\n<td><div id=\"attachment_475\" style=\"width: 310px\" class=\"wp-caption alignleft\"><a href=\"https:\/\/www.gartenbauverein-altenmarkt.de\/cms\/wordpress\/wp-content\/uploads\/2013\/03\/150716-Ameisenbau.jpg\"><img loading=\"lazy\" decoding=\"async\" aria-describedby=\"caption-attachment-475\" class=\"size-medium wp-image-475\" src=\"https:\/\/www.gartenbauverein-altenmarkt.de\/cms\/wordpress\/wp-content\/uploads\/2013\/03\/150716-Ameisenbau-300x225.jpg\" alt=\"Ein paar Kinder vor dem gro\u00dfen Amesienhaufen \" width=\"300\" height=\"225\" srcset=\"https:\/\/www.gartenbauverein-altenmarkt.de\/cms\/wordpress\/wp-content\/uploads\/2013\/03\/150716-Ameisenbau-300x225.jpg 300w, https:\/\/www.gartenbauverein-altenmarkt.de\/cms\/wordpress\/wp-content\/uploads\/2013\/03\/150716-Ameisenbau-1024x768.jpg 1024w, https:\/\/www.gartenbauverein-altenmarkt.de\/cms\/wordpress\/wp-content\/uploads\/2013\/03\/150716-Ameisenbau-624x468.jpg 624w, https:\/\/www.gartenbauverein-altenmarkt.de\/cms\/wordpress\/wp-content\/uploads\/2013\/03\/150716-Ameisenbau.jpg 1028w\" sizes=\"auto, (max-width: 300px) 100vw, 300px\" \/><\/a><p id=\"caption-attachment-475\" class=\"wp-caption-text\">Ein paar Kinder vor dem gro\u00dfen Amesienhaufen<\/p><\/div><\/p>\n<p>Am 16. Juli stand der Besuch des gro\u00dfen Ameisenbaues im Wald auf dem Programm. An diesem Tag war es sehr hei\u00df und die Ameisen deshalb sehr aktiv. Nach einer kurzen Besichtigung zogen es alle vor, zum nahe gelegenen Bach zu gehen und sich abzuk\u00fchlen. Ein paar Waldspiele rundeten die Gruppenstunde ab.<\/p>\n<p>&nbsp;<\/p>\n<\/td>\n<\/tr>\n<tr>\n<td><div id=\"attachment_442\" style=\"width: 310px\" class=\"wp-caption alignleft\"><a href=\"https:\/\/www.gartenbauverein-altenmarkt.de\/cms\/wordpress\/wp-content\/uploads\/2013\/03\/150628-TdoG-T\u00f6rring.jpg\"><img loading=\"lazy\" decoding=\"async\" aria-describedby=\"caption-attachment-442\" class=\"size-medium wp-image-442\" src=\"https:\/\/www.gartenbauverein-altenmarkt.de\/cms\/wordpress\/wp-content\/uploads\/2013\/03\/150628-TdoG-T\u00f6rring-300x225.jpg\" alt=\"Die 4 fertigen Insektenhotels, die von den Kindern gebastelt wurden\" width=\"300\" height=\"225\" srcset=\"https:\/\/www.gartenbauverein-altenmarkt.de\/cms\/wordpress\/wp-content\/uploads\/2013\/03\/150628-TdoG-T\u00f6rring-300x225.jpg 300w, https:\/\/www.gartenbauverein-altenmarkt.de\/cms\/wordpress\/wp-content\/uploads\/2013\/03\/150628-TdoG-T\u00f6rring.jpg 1024w, https:\/\/www.gartenbauverein-altenmarkt.de\/cms\/wordpress\/wp-content\/uploads\/2013\/03\/150628-TdoG-T\u00f6rring-624x468.jpg 624w\" sizes=\"auto, (max-width: 300px) 100vw, 300px\" \/><\/a><p id=\"caption-attachment-442\" class=\"wp-caption-text\">Die 4 fertigen Insektenhotels, die von den Kindern gebastelt wurden<\/p><\/div><\/p>\n<p>Am 28. Juni beteiligte sich die Gruppe mit ihren 4 gebauten Vogelh\u00e4uschen bei der vom Kreisverband f\u00fcr Gartenkultur und Landespflege Traunstein e. V. veranstalteten Wettbewerb, der unter dem Motto &#8222;Das lustige Zwitscherhotel&#8220; stand. Wenn die Gruppe auch keinen der Preise gewann, waren die selbst gebastelten H\u00e4uschen trotzdem eine Bereicherung der Ausstellung, die von vielen Besuchern bewundert wurden. <\/p>\n<\/td>\n<\/tr>\n<tr>\n<td><div id=\"attachment_415\" style=\"width: 310px\" class=\"wp-caption alignleft\"><a href=\"https:\/\/www.gartenbauverein-altenmarkt.de\/cms\/wordpress\/wp-content\/uploads\/2013\/03\/150625-Insektenhotel.jpg\"><img loading=\"lazy\" decoding=\"async\" aria-describedby=\"caption-attachment-415\" class=\"size-medium wp-image-415\" src=\"https:\/\/www.gartenbauverein-altenmarkt.de\/cms\/wordpress\/wp-content\/uploads\/2013\/03\/150625-Insektenhotel-300x225.jpg\" alt=\"Stolz pr\u00e4sentiert die Gruppe ihr neu geschaffenes Insektenhotel\" width=\"300\" height=\"225\" srcset=\"https:\/\/www.gartenbauverein-altenmarkt.de\/cms\/wordpress\/wp-content\/uploads\/2013\/03\/150625-Insektenhotel-300x225.jpg 300w, https:\/\/www.gartenbauverein-altenmarkt.de\/cms\/wordpress\/wp-content\/uploads\/2013\/03\/150625-Insektenhotel.jpg 1024w, https:\/\/www.gartenbauverein-altenmarkt.de\/cms\/wordpress\/wp-content\/uploads\/2013\/03\/150625-Insektenhotel-624x468.jpg 624w\" sizes=\"auto, (max-width: 300px) 100vw, 300px\" \/><\/a><p id=\"caption-attachment-415\" class=\"wp-caption-text\">Stolz pr\u00e4sentiert die Gruppe ihr neu geschaffenes Insektenhotel<\/p><\/div><\/p>\n<p>Am 25. Juni wurde beim Biotop in Fr\u00fchling das erstellte Insektenhotel wohnbar gemacht. Einige Mitglieder der Vorstandschaft erstellten schon eine Woche vorher ein Betonfundament, damit das Bauwerk einen stabilen Halt bekommt und erledigten die Zimmermannsarbeiten. Ein paar Tage sp\u00e4ter verankerten sie dann das Hotel in der vorgeferigten Halterung. Wir Kinder sammelten in der Zwischenzeit eifrig Zapfen, Holunderstecken, Moos, Steine, Stroh, Rinden, Scheite aus Hartholz und Anderes mehr. Bei der Gruppenstunde am 25. Juni wurde das Hotel best\u00fcckt, die Ziegel wurden eingesetzt, Laubh\u00f6lzer auf eine exakte L\u00e4nge geschnitten, eingesetzt und stirnseitig wurden L\u00f6cher gebohrt. Ein Raum wurde mit Moos und Steinen best\u00fcckt, ein anderer mit hohlen Kn\u00f6terichstengeln, weitere R\u00e4ume mit Dachziegeln und Stroh oder mit Kiefernzapfen oder mit Baumrinde und ein gro\u00dfes Fach oben in der Mitte mit Fichtenzapfen. Au\u00dferdem wurden zwei rot gestrichene Florfliegenk\u00e4sten eingebaut. Rot deshalb, weil Florfliegen die rote Farbe sehr lieben. Gut sichtbar wurde der bunte Schriftzug &#8222;Altenmarkter Wurzelkinderbande&#8220; aufgemalt. Auf dem Dach sollen sp\u00e4ter noch Hauswurzen angesiedelt werden. Zum Schlu\u00df wurde noch mit W\u00fcrstel, Semmeln und Schorle gefeiert.  Nun  k\u00f6nnen die Insekten und N\u00fctzlinge einziehen.<\/p>\n<\/td>\n<\/tr>\n<tr>\n<td><div id=\"attachment_417\" style=\"width: 310px\" class=\"wp-caption alignleft\"><a href=\"https:\/\/www.gartenbauverein-altenmarkt.de\/cms\/wordpress\/wp-content\/uploads\/2013\/03\/150521-Malen-mit-Erdfarben.jpg\"><img loading=\"lazy\" decoding=\"async\" aria-describedby=\"caption-attachment-417\" class=\"size-medium wp-image-417\" src=\"https:\/\/www.gartenbauverein-altenmarkt.de\/cms\/wordpress\/wp-content\/uploads\/2013\/03\/150521-Malen-mit-Erdfarben-300x225.jpg\" alt=\"Sehr sch\u00f6ne Bilder wurden an diesem Donnerstag erstellt, die Wurzelkinderbande mit ihren Werken\" width=\"300\" height=\"225\" srcset=\"https:\/\/www.gartenbauverein-altenmarkt.de\/cms\/wordpress\/wp-content\/uploads\/2013\/03\/150521-Malen-mit-Erdfarben-300x225.jpg 300w, https:\/\/www.gartenbauverein-altenmarkt.de\/cms\/wordpress\/wp-content\/uploads\/2013\/03\/150521-Malen-mit-Erdfarben.jpg 1024w, https:\/\/www.gartenbauverein-altenmarkt.de\/cms\/wordpress\/wp-content\/uploads\/2013\/03\/150521-Malen-mit-Erdfarben-624x468.jpg 624w\" sizes=\"auto, (max-width: 300px) 100vw, 300px\" \/><\/a><p id=\"caption-attachment-417\" class=\"wp-caption-text\">Sehr sch\u00f6ne Bilder wurden an diesem Donnerstag erstellt, die Wurzelkinderbande mit ihren Werken<\/p><\/div><\/p>\n<p>Am 21. Mai war wieder Gruppenstunde; Das Thema war &#8222;Malen mit Erdfarben&#8220;. Nach dem Sammeln verschiedener Erdarten (Kompost, normale Felderde, Walderde, Sand, Asche, Ziegel und Grillkohle) wurde diese sehr fein gesiebt. Dann vermischten die Kinder die jeweilige Erde mit Wasser, so dass es ein richtiger Erdbrei wurde. Letztendlich wurde noch Kleister als Bindemittel unterger\u00fchrt, fertig war die Farbe. Mit diesem Farbbrei gestaltete jedes Kind einen Keilrahmen nach ihren eigenen W\u00fcnschen.<\/p>\n<\/td>\n<\/tr>\n<tr>\n<td>\n<div><div id=\"attachment_373\" style=\"width: 310px\" class=\"wp-caption alignleft\"><a href=\"https:\/\/www.gartenbauverein-altenmarkt.de\/cms\/wordpress\/wp-content\/uploads\/2013\/03\/150416-Zwitscherhotel.jpg\"><img loading=\"lazy\" decoding=\"async\" aria-describedby=\"caption-attachment-373\" class=\"size-medium wp-image-373\" src=\"https:\/\/www.gartenbauverein-altenmarkt.de\/cms\/wordpress\/wp-content\/uploads\/2013\/03\/150416-Zwitscherhotel-300x225.jpg\" alt=\"Die Kinder der Wurzelkinderbande schrauben die letzten Elemente eines der Zwitscherhotels zusammen\" width=\"300\" height=\"225\" srcset=\"https:\/\/www.gartenbauverein-altenmarkt.de\/cms\/wordpress\/wp-content\/uploads\/2013\/03\/150416-Zwitscherhotel-300x225.jpg 300w, https:\/\/www.gartenbauverein-altenmarkt.de\/cms\/wordpress\/wp-content\/uploads\/2013\/03\/150416-Zwitscherhotel.jpg 1024w, https:\/\/www.gartenbauverein-altenmarkt.de\/cms\/wordpress\/wp-content\/uploads\/2013\/03\/150416-Zwitscherhotel-624x468.jpg 624w\" sizes=\"auto, (max-width: 300px) 100vw, 300px\" \/><\/a><p id=\"caption-attachment-373\" class=\"wp-caption-text\">Die Kinder der Wurzelkinderbande schrauben die letzten Elemente eines der Zwitscherhotels zusammen<\/p><\/div><\/p>\n<p>Am 16. April wurde mit dem Bau der ersten Zwitscherhotels f\u00fcr den vom Kreisverband Traunstein f\u00fcr Gartenkultur und Landespflege ausgeschriebenen Vogelh\u00e4uschen-Wettbewerb begonnen. Die einzelnen Vogelh\u00e4uschen waren schon zurecht geschnitten und teilweise bemalen. Mit Elan ging es bei den Kindern dann ans Zusammenschrauben und weiteren Arbeiten zum Schm\u00fccken bzw. dekorieren. Bis zum Tag der Ausstellung, der am 28.Juni 2015 beim Tag der offenen Gartent\u00fcr in T\u00f6rring stattfindet, sind noch einige Restarbeiten erforderlich, die bei den n\u00e4chsten Gruppenstunden ausgef\u00fchrt werden.<\/p>\n<\/div>\n<\/td>\n<\/tr>\n<tr>\n<td><div id=\"attachment_350\" style=\"width: 310px\" class=\"wp-caption alignleft\"><a href=\"https:\/\/www.gartenbauverein-altenmarkt.de\/cms\/wordpress\/wp-content\/uploads\/2013\/03\/150326-Osterbasteln.jpg\"><img loading=\"lazy\" decoding=\"async\" aria-describedby=\"caption-attachment-350\" class=\"size-medium wp-image-350\" src=\"https:\/\/www.gartenbauverein-altenmarkt.de\/cms\/wordpress\/wp-content\/uploads\/2013\/03\/150326-Osterbasteln-300x225.jpg\" alt=\"Stolz zeigen die Kinder ihre selbst gebastelten Ostrk\u00f6rbchen aus Weiden\" width=\"300\" height=\"225\" srcset=\"https:\/\/www.gartenbauverein-altenmarkt.de\/cms\/wordpress\/wp-content\/uploads\/2013\/03\/150326-Osterbasteln-300x225.jpg 300w, https:\/\/www.gartenbauverein-altenmarkt.de\/cms\/wordpress\/wp-content\/uploads\/2013\/03\/150326-Osterbasteln-624x468.jpg 624w, https:\/\/www.gartenbauverein-altenmarkt.de\/cms\/wordpress\/wp-content\/uploads\/2013\/03\/150326-Osterbasteln.jpg 1024w\" sizes=\"auto, (max-width: 300px) 100vw, 300px\" \/><\/a><p id=\"caption-attachment-350\" class=\"wp-caption-text\">Stolz zeigen die Kinder ihre selbst gebastelten Ostrk\u00f6rbchen aus Weiden<\/p><\/div><\/p>\n<p>Am 26. M\u00e4rz 2015 durften die 18 Kinder ein Osternest flechten. Als erstes wurde von den gr\u00f6\u00dferen Kindern L\u00f6cher in die Baumscheinen gebohrt. Hier wurden die senkrechten \u00c4ste hineingesteckt. Anschlie\u00dfend wurde mit dem Flechten begonnen. Dazu verwendeten die Kinder Weiden\u00e4ste und andere biegsame Zweige. Zum Schluss kam noch Moos hinein und jeder bekam ein Osterei und Schokolade. Die Kinder hatten gro\u00dfen Spa\u00df beim Basteln ihres Osterkorbes.<\/p>\n<div> <\/div>\n<\/td>\n<\/tr>\n<tr>\n<td><div id=\"attachment_341\" style=\"width: 310px\" class=\"wp-caption alignleft\"><a href=\"https:\/\/www.gartenbauverein-altenmarkt.de\/cms\/wordpress\/wp-content\/uploads\/2013\/03\/150226-Gem\u00fcse-s\u00e4en.jpg\"><img loading=\"lazy\" decoding=\"async\" aria-describedby=\"caption-attachment-341\" class=\"size-medium wp-image-341\" src=\"https:\/\/www.gartenbauverein-altenmarkt.de\/cms\/wordpress\/wp-content\/uploads\/2013\/03\/150226-Gem\u00fcse-s\u00e4en-300x225.jpg\" alt=\"Die Kinder beschriften ihre Pflanzt\u00f6pfe und die Schuhkartons warten auf die Bearbeitung\" width=\"300\" height=\"225\" srcset=\"https:\/\/www.gartenbauverein-altenmarkt.de\/cms\/wordpress\/wp-content\/uploads\/2013\/03\/150226-Gem\u00fcse-s\u00e4en-300x225.jpg 300w, https:\/\/www.gartenbauverein-altenmarkt.de\/cms\/wordpress\/wp-content\/uploads\/2013\/03\/150226-Gem\u00fcse-s\u00e4en-624x468.jpg 624w, https:\/\/www.gartenbauverein-altenmarkt.de\/cms\/wordpress\/wp-content\/uploads\/2013\/03\/150226-Gem\u00fcse-s\u00e4en.jpg 1024w\" sizes=\"auto, (max-width: 300px) 100vw, 300px\" \/><\/a><p id=\"caption-attachment-341\" class=\"wp-caption-text\">Die Kinder beschriften ihre Pflanzt\u00f6pfe und die Schuhkartons warten auf die Bearbeitung<\/p><\/div><\/p>\n<p>&nbsp;<\/p>\n<p>Am 26. Februar 2015 war die erste Gruppenstunde des neuen Jahres. Das Thema lautete &#8222;Wir s\u00e4en Gem\u00fcse aus&#8220;. Die Wahl fiel dann auf Paprika, weil es das Gem\u00fcse des Jahres ist, f\u00fcr die Zwiebel als Heilpflanze des Jahres und f\u00fcr eine Cocktailtomate. Die 18 Kinder beschrifteten zuerst ihr T\u00f6pfe, dann bef\u00fcllten sie diese mit Aussaaterde. Anschlie\u00dfend wurden die Samen reingesteckt. Die Kinder bekamen auch noch eine Pflegeanleitung mit nach Hause. Dann wurden noch Vorbereitungen f\u00fcr die im kommenden Herbst ben\u00f6tigten Guck-Schauk\u00e4sten, erledigt. Hierf\u00fcr brachte jedes Kind einen Schuhkarton mit. Der Deckel wurde ausgeschnitten und mit Transparentpapier beklebt. Dann wurde ein Guckloch hineingebohrt und die Innenseite des Kartons mit farbigem Papier beklebt.<\/p>\n<div> <\/div>\n<\/td>\n<\/tr>\n<\/tbody>\n<\/table>\n","protected":false},"excerpt":{"rendered":"<p>Beim Treffen am 3. Dezember wurden Futterzapfen f\u00fcr V\u00f6gel hergestellt. Daf\u00fcr haben wir erst Fett geschmolzen und wieder abk\u00fchlen lassen. Dann haben die Kinder die Zapfen durch das Fett gezogen, an denen sie zuvor eine Schnur gebunden hatten, anschlie\u00dfend wurde der Zapfen im Vogelfutter gew\u00e4lzt. Wir haben auch noch Futtert\u00f6rtchen gemacht, die dann auf ein [&hellip;]<\/p>\n","protected":false},"author":1,"featured_media":0,"parent":33,"menu_order":0,"comment_status":"closed","ping_status":"closed","template":"","meta":{"footnotes":""},"class_list":["post-535","page","type-page","status-publish","hentry"],"_links":{"self":[{"href":"https:\/\/www.gartenbauverein-altenmarkt.de\/cms\/wordpress\/index.php?rest_route=\/wp\/v2\/pages\/535","targetHints":{"allow":["GET"]}}],"collection":[{"href":"https:\/\/www.gartenbauverein-altenmarkt.de\/cms\/wordpress\/index.php?rest_route=\/wp\/v2\/pages"}],"about":[{"href":"https:\/\/www.gartenbauverein-altenmarkt.de\/cms\/wordpress\/index.php?rest_route=\/wp\/v2\/types\/page"}],"author":[{"embeddable":true,"href":"https:\/\/www.gartenbauverein-altenmarkt.de\/cms\/wordpress\/index.php?rest_route=\/wp\/v2\/users\/1"}],"replies":[{"embeddable":true,"href":"https:\/\/www.gartenbauverein-altenmarkt.de\/cms\/wordpress\/index.php?rest_route=%2Fwp%2Fv2%2Fcomments&post=535"}],"version-history":[{"count":1,"href":"https:\/\/www.gartenbauverein-altenmarkt.de\/cms\/wordpress\/index.php?rest_route=\/wp\/v2\/pages\/535\/revisions"}],"predecessor-version":[{"id":536,"href":"https:\/\/www.gartenbauverein-altenmarkt.de\/cms\/wordpress\/index.php?rest_route=\/wp\/v2\/pages\/535\/revisions\/536"}],"up":[{"embeddable":true,"href":"https:\/\/www.gartenbauverein-altenmarkt.de\/cms\/wordpress\/index.php?rest_route=\/wp\/v2\/pages\/33"}],"wp:attachment":[{"href":"https:\/\/www.gartenbauverein-altenmarkt.de\/cms\/wordpress\/index.php?rest_route=%2Fwp%2Fv2%2Fmedia&parent=535"}],"curies":[{"name":"wp","href":"https:\/\/api.w.org\/{rel}","templated":true}]}}