{"id":404,"date":"2015-05-03T12:26:13","date_gmt":"2015-05-03T10:26:13","guid":{"rendered":"http:\/\/www.gartenbauverein-altenmarkt.de\/cms\/wordpress\/?page_id=404"},"modified":"2015-05-03T12:26:13","modified_gmt":"2015-05-03T10:26:13","slug":"archiv-jugendarbeit-2014","status":"publish","type":"page","link":"https:\/\/www.gartenbauverein-altenmarkt.de\/cms\/wordpress\/?page_id=404","title":{"rendered":"Archiv Jugendarbeit 2014"},"content":{"rendered":"<table style=\"font-size: 14px;\" border=\"0\">\n<tbody>\n<tr>\n<td><div id=\"attachment_326\" style=\"width: 310px\" class=\"wp-caption alignleft\"><a href=\"https:\/\/www.gartenbauverein-altenmarkt.de\/cms\/wordpress\/wp-content\/uploads\/2013\/03\/141120-Wir-basteln-f\u00fcr-Weihnachten.jpg\"><img loading=\"lazy\" decoding=\"async\" aria-describedby=\"caption-attachment-326\" class=\"size-medium wp-image-326\" src=\"https:\/\/www.gartenbauverein-altenmarkt.de\/cms\/wordpress\/wp-content\/uploads\/2013\/03\/141120-Wir-basteln-f\u00fcr-Weihnachten-300x225.jpg\" alt=\"Die Kinder bereiten gerade die Sheabutter f\u00fcr den Fu\u00dfbalsam\" width=\"300\" height=\"225\" srcset=\"https:\/\/www.gartenbauverein-altenmarkt.de\/cms\/wordpress\/wp-content\/uploads\/2013\/03\/141120-Wir-basteln-f\u00fcr-Weihnachten-300x225.jpg 300w, https:\/\/www.gartenbauverein-altenmarkt.de\/cms\/wordpress\/wp-content\/uploads\/2013\/03\/141120-Wir-basteln-f\u00fcr-Weihnachten-624x468.jpg 624w, https:\/\/www.gartenbauverein-altenmarkt.de\/cms\/wordpress\/wp-content\/uploads\/2013\/03\/141120-Wir-basteln-f\u00fcr-Weihnachten.jpg 1024w\" sizes=\"auto, (max-width: 300px) 100vw, 300px\" \/><\/a><p id=\"caption-attachment-326\" class=\"wp-caption-text\">Die Kinder bereiten gerade die Sheabutter f\u00fcr den Fu\u00dfbalsam.<\/p><\/div><\/p>\n<p>Dieses Mal zeigten wir den 24 Kindern, von welchen Pflanzen die Gew\u00fcrze stammen. Wie z.B. der Zimt von der Rinde des Zimtbaumes oder die Vanilleschote von einer Orchidee.<br \/>\n Mit der Zimtstange machten wir dann einen ,,w\u00e4rmenden Zimt-Fu\u00dfbalsam\u201c, den jedes Kind mit nach Hause bekam. Zwischendurch bastelten wir noch ein Kr\u00e4nzchen aus Bucheckern und Perlen. Zum Schlu\u00df gab es f\u00fcr alle noch Lebkuchen.<\/p>\n<\/td>\n<\/tr>\n<tr>\n<td><div id=\"attachment_321\" style=\"width: 310px\" class=\"wp-caption alignleft\"><a href=\"https:\/\/www.gartenbauverein-altenmarkt.de\/cms\/wordpress\/wp-content\/uploads\/2013\/03\/141023-Igel-und-Maism\u00e4nner.jpg\"><img loading=\"lazy\" decoding=\"async\" aria-describedby=\"caption-attachment-321\" class=\"size-medium wp-image-321\" src=\"https:\/\/www.gartenbauverein-altenmarkt.de\/cms\/wordpress\/wp-content\/uploads\/2013\/03\/141023-Igel-und-Maism\u00e4nner-300x225.jpg\" alt=\"Die fertigen Maism\u00e4nnchen und Igel warten, bis sie mit nach Haus genommen werden. \" width=\"300\" height=\"225\" srcset=\"https:\/\/www.gartenbauverein-altenmarkt.de\/cms\/wordpress\/wp-content\/uploads\/2013\/03\/141023-Igel-und-Maism\u00e4nner-300x225.jpg 300w, https:\/\/www.gartenbauverein-altenmarkt.de\/cms\/wordpress\/wp-content\/uploads\/2013\/03\/141023-Igel-und-Maism\u00e4nner-624x468.jpg 624w, https:\/\/www.gartenbauverein-altenmarkt.de\/cms\/wordpress\/wp-content\/uploads\/2013\/03\/141023-Igel-und-Maism\u00e4nner.jpg 1024w\" sizes=\"auto, (max-width: 300px) 100vw, 300px\" \/><\/a><p id=\"caption-attachment-321\" class=\"wp-caption-text\">Die fertigen Maism\u00e4nnchen und Igel warten, bis sie mit nach Haus genommen werden.<\/p><\/div><\/p>\n<p>Basteln von Igeln und Mais Figuren war Thema der Gruppenstunde am 23. Oktober 2014. Die 17 Kinder bastelten einen Igel aus Ton, der Stacheln aus Astst\u00fcckchen und Augen aus Samen bekam. Dann wurden noch Mais Figuren erstellt. Jeder bekam einen Maiskolben, der auf einer Astscheibe befestigt wurde. Nun konnte jedes Kind seiner Phantasie freien Lauf lassen und seinen Maiskolben beliebig gestalten, wie z.B. Indianer oder M\u00e4dchen mit Z\u00f6pfen.<\/p>\n<\/td>\n<\/tr>\n<tr>\n<td><div id=\"attachment_306\" style=\"width: 310px\" class=\"wp-caption alignleft\"><a href=\"https:\/\/www.gartenbauverein-altenmarkt.de\/cms\/wordpress\/wp-content\/uploads\/2013\/03\/Obstpressen-in-Seeon.jpg\"><img loading=\"lazy\" decoding=\"async\" aria-describedby=\"caption-attachment-306\" class=\"wp-image-306 size-medium\" src=\"https:\/\/www.gartenbauverein-altenmarkt.de\/cms\/wordpress\/wp-content\/uploads\/2013\/03\/Obstpressen-in-Seeon-300x225.jpg\" alt=\"Gruppenfoto nach dem Pressen \" width=\"300\" height=\"225\" srcset=\"https:\/\/www.gartenbauverein-altenmarkt.de\/cms\/wordpress\/wp-content\/uploads\/2013\/03\/Obstpressen-in-Seeon-300x225.jpg 300w, https:\/\/www.gartenbauverein-altenmarkt.de\/cms\/wordpress\/wp-content\/uploads\/2013\/03\/Obstpressen-in-Seeon-624x468.jpg 624w, https:\/\/www.gartenbauverein-altenmarkt.de\/cms\/wordpress\/wp-content\/uploads\/2013\/03\/Obstpressen-in-Seeon.jpg 1024w\" sizes=\"auto, (max-width: 300px) 100vw, 300px\" \/><\/a><p id=\"caption-attachment-306\" class=\"wp-caption-text\">Gruppenfoto nach dem Pressen<\/p><\/div><\/p>\n<p>Am 25. September 2014 wurden in Seeon \u00c4pfel gepre\u00dft. Die bereits vorher gesammelten \u00c4pfel wurde mit Autos nach Apperting gebracht. Dort steht die Obstpresse des Gartenbauvereins Seeon. Die 1. Vorsitzende des GBV Seeon, Frau Anni Schuster erkl\u00e4rte den Kindern, wie der Pre\u00dfvorgang abl\u00e4uft: Zuerst werden die \u00c4pfel gewaschen. Dann werden sie mittels einer Maschine zerkleinert. Anschlie\u00dfend kommen sie in Siebt\u00fcchern in die Obstpresse, die auch Mostpresse genannt wird. In der Presse werden die zerkleinerten Fr\u00fcchte gepre\u00dft, so da\u00df frischer Apfelsaft herausl\u00e4uft. Die Kinder durften dabei zuschauen und auch aktiv mithelfen. Am Ende wurde der Saft in Flaschen abgef\u00fcllt und teilweise auch getrunken. Er schmeckte herrlich gut. Vom Vorstand des Gartenbauvereins Altenmarkt gab es zum Schlu\u00df noch ein Kindermerkblatt und eine Apfelfibel.<\/p>\n<\/td>\n<\/tr>\n<tr>\n<td><div id=\"attachment_332\" style=\"width: 310px\" class=\"wp-caption alignleft\"><a href=\"https:\/\/www.gartenbauverein-altenmarkt.de\/cms\/wordpress\/wp-content\/uploads\/2013\/03\/140807-Wir-betonieren-II.jpg\"><img loading=\"lazy\" decoding=\"async\" aria-describedby=\"caption-attachment-332\" class=\"size-medium wp-image-332\" src=\"https:\/\/www.gartenbauverein-altenmarkt.de\/cms\/wordpress\/wp-content\/uploads\/2013\/03\/140807-Wir-betonieren-II-300x225.jpg\" alt=\"Die mit beton gef\u00fcllten Formen wurden mit Muschen, Schnecken oder Anderem verziert\" width=\"300\" height=\"225\" srcset=\"https:\/\/www.gartenbauverein-altenmarkt.de\/cms\/wordpress\/wp-content\/uploads\/2013\/03\/140807-Wir-betonieren-II-300x225.jpg 300w, https:\/\/www.gartenbauverein-altenmarkt.de\/cms\/wordpress\/wp-content\/uploads\/2013\/03\/140807-Wir-betonieren-II-624x468.jpg 624w, https:\/\/www.gartenbauverein-altenmarkt.de\/cms\/wordpress\/wp-content\/uploads\/2013\/03\/140807-Wir-betonieren-II.jpg 1024w\" sizes=\"auto, (max-width: 300px) 100vw, 300px\" \/><\/a><p id=\"caption-attachment-332\" class=\"wp-caption-text\">Die mit Beton gef\u00fcllten Formen wurden mit Muscheln, Schnecken oder Anderem verziert<\/p><\/div><\/p>\n<p>Am Nachmittag des 7. August 2014 war dann eine normale Gruppenstunde unserer Wurzelkinderbande. Die Kinder durften im Garten von Beate Zacherl betonieren. Die Einen erstellten Schalen, die sp\u00e4ter bepflanzt wurden und Andere verzierten die betonierten Gef\u00e4\u00dfe mit Muscheln, Schnecken oder anderen Schmuckst\u00fccken. Zum Abschied wurde im Schatten der B\u00e4ume noch ausgiebig gepicknickt.<\/p>\n<\/td>\n<\/tr>\n<tr>\n<td><div id=\"attachment_292\" style=\"width: 310px\" class=\"wp-caption alignleft\"><a href=\"https:\/\/www.gartenbauverein-altenmarkt.de\/cms\/wordpress\/wp-content\/uploads\/2013\/03\/140807-Ferienaktion-2014.jpg\"><img loading=\"lazy\" decoding=\"async\" aria-describedby=\"caption-attachment-292\" class=\"size-medium wp-image-292\" src=\"https:\/\/www.gartenbauverein-altenmarkt.de\/cms\/wordpress\/wp-content\/uploads\/2013\/03\/140807-Ferienaktion-2014-300x225.jpg\" alt=\"Die Teilnehmer der Ferienaktion 2014 mit ihren Werken\" width=\"300\" height=\"225\" srcset=\"https:\/\/www.gartenbauverein-altenmarkt.de\/cms\/wordpress\/wp-content\/uploads\/2013\/03\/140807-Ferienaktion-2014-300x225.jpg 300w, https:\/\/www.gartenbauverein-altenmarkt.de\/cms\/wordpress\/wp-content\/uploads\/2013\/03\/140807-Ferienaktion-2014-624x468.jpg 624w, https:\/\/www.gartenbauverein-altenmarkt.de\/cms\/wordpress\/wp-content\/uploads\/2013\/03\/140807-Ferienaktion-2014.jpg 1024w\" sizes=\"auto, (max-width: 300px) 100vw, 300px\" \/><\/a><p id=\"caption-attachment-292\" class=\"wp-caption-text\">Die Teilnehmer der Ferienaktion 2014 mit ihren Werken<\/p><\/div><\/p>\n<p>Baumscheiben bemalen durften die Kinder bei der Ferienaktion des Gartenbauvereins Altenmarkt\/Rabenden am 7. August 2014 am Vormittag im Pausenhof der Schule Altenmarkt. \u00dcber 20 Kinder beteiligten sich bei der Aktion, die von den Betreuerinnen des Vereins musterg\u00fcltig vorbereitet war. Die Malerei Freutsmiedl beteiligte sich mit einer Farbenspende, die zum bunten Ergebnis des kurzweiligen Vormittages beitrug. Zum Schlu\u00df pr\u00e4sentierten die Kinder ihre gelungenen Werke bei einem Gemeinschaftsfoto.<\/p>\n<\/td>\n<\/tr>\n<tr>\n<td><div id=\"attachment_259\" style=\"width: 310px\" class=\"wp-caption alignleft\"><a href=\"https:\/\/www.gartenbauverein-altenmarkt.de\/cms\/wordpress\/wp-content\/uploads\/2013\/03\/140710-Klemmrahmen1.jpg\"><img loading=\"lazy\" decoding=\"async\" aria-describedby=\"caption-attachment-259\" class=\"wp-image-259 size-full\" src=\"https:\/\/www.gartenbauverein-altenmarkt.de\/cms\/wordpress\/wp-content\/uploads\/2013\/03\/140710-Klemmrahmen1.jpg\" alt=\"Die Kinder mit den gebastelten Klemmrahmen\" width=\"300\" height=\"225\" \/><\/a><p id=\"caption-attachment-259\" class=\"wp-caption-text\">Die Kinder mit den gebastelten Klemmrahmen<\/p><\/div><\/p>\n<p>Die 19 Kinder gestalteten im Juli Keilrahmen.Jeder bekam 3-4 Holz Herzen. Die Herzen und der Keilrahmen wurde von den Kindern bemalen. Als alles trocken war, wurden die Herzen auf die Keilrahmen geklebt und mit Spitzen verziert. Jedes Kind durfte ihren Keilrahmen nach den eigenen Vorstellungen gestalten.<\/p>\n<\/td>\n<\/tr>\n<tr>\n<td><div id=\"attachment_281\" style=\"width: 310px\" class=\"wp-caption alignleft\"><a href=\"https:\/\/www.gartenbauverein-altenmarkt.de\/cms\/wordpress\/wp-content\/uploads\/2013\/03\/140605-Stecklingsvermehrung.jpg\"><img loading=\"lazy\" decoding=\"async\" aria-describedby=\"caption-attachment-281\" class=\"wp-image-281 size-medium\" src=\"https:\/\/www.gartenbauverein-altenmarkt.de\/cms\/wordpress\/wp-content\/uploads\/2013\/03\/140605-Stecklingsvermehrung-300x225.jpg\" alt=\"Stecklinge vermehren war das Thema des Treffens vom Juni 2014\" width=\"300\" height=\"225\" srcset=\"https:\/\/www.gartenbauverein-altenmarkt.de\/cms\/wordpress\/wp-content\/uploads\/2013\/03\/140605-Stecklingsvermehrung-300x225.jpg 300w, https:\/\/www.gartenbauverein-altenmarkt.de\/cms\/wordpress\/wp-content\/uploads\/2013\/03\/140605-Stecklingsvermehrung-624x468.jpg 624w, https:\/\/www.gartenbauverein-altenmarkt.de\/cms\/wordpress\/wp-content\/uploads\/2013\/03\/140605-Stecklingsvermehrung.jpg 1024w\" sizes=\"auto, (max-width: 300px) 100vw, 300px\" \/><\/a><p id=\"caption-attachment-281\" class=\"wp-caption-text\">Stecklinge vermehren war das Thema des Treffens vom Juni 2014<\/p><\/div><\/p>\n<p>&#8222;Wir machen Stecklinge von verschiedenen Pflanzen&#8220;, war das Thema am 5. Juni 2014. Die 16 Kinder erfuhren etwas \u00fcber die vegetative Vermehrung. Als erstes bastelten sie Namensschilder aus Tonpapier und schrieben die Namen der Pflanzen drauf. Dann bef\u00fcllte jeder eine Schale mit Aussaaterde. Im Anschluss wurden die verschiedenen Stecklinge gemacht, in die vorbereiteten Schalen gesteckt und mit dem Namensschild versehen. Sie erstellten Kopfstecklinge von Salbei, Zitronenmelisse, Bergbohnenkraut, Sedum und Mauerpfeffer. Auch Ri\u00dflinge von Buchs und Liguster, Kindel von der Hauswurz wurden erstellt und sie vermehrten eine Etagenzwiebel.<\/p>\n<\/td>\n<\/tr>\n<tr>\n<td><div id=\"attachment_237\" style=\"width: 309px\" class=\"wp-caption alignleft\"><a href=\"https:\/\/www.gartenbauverein-altenmarkt.de\/cms\/wordpress\/wp-content\/uploads\/2013\/03\/In-Stoibers-Bienenhaus.jpg\"><img loading=\"lazy\" decoding=\"async\" aria-describedby=\"caption-attachment-237\" class=\"wp-image-237\" src=\"https:\/\/www.gartenbauverein-altenmarkt.de\/cms\/wordpress\/wp-content\/uploads\/2013\/03\/In-Stoibers-Bienenhaus.jpg\" alt=\"In Stoibers Bienenhaus\" width=\"299\" height=\"224\" \/><\/a><p id=\"caption-attachment-237\" class=\"wp-caption-text\">Imker Hans Stoiber in seinem Bienenhaus<\/p><\/div><\/p>\n<p>Im Mai 2014 schaute die Wurzelkinderbande in Rupertsdorf eine Bienenhecke an. Am Ende der Hecke ging es ins Bienenhaus. Dort erfuhren die Kinder von Hans Stoiber Interessantes \u00fcber Bienen. Das spannendste Ereignis war das Kennzeichnen der K\u00f6nigin. Zum Schluss wurde der Wei\u00dfdorn und die Schlehe noch genauer inspiziert.<\/p>\n<\/td>\n<\/tr>\n<tr>\n<td><div id=\"attachment_271\" style=\"width: 310px\" class=\"wp-caption alignleft\"><a href=\"https:\/\/www.gartenbauverein-altenmarkt.de\/cms\/wordpress\/wp-content\/uploads\/2013\/03\/1404xx-Ostern.jpg\"><img loading=\"lazy\" decoding=\"async\" aria-describedby=\"caption-attachment-271\" class=\"wp-image-271 size-medium\" src=\"https:\/\/www.gartenbauverein-altenmarkt.de\/cms\/wordpress\/wp-content\/uploads\/2013\/03\/1404xx-Ostern-300x225.jpg\" alt=\"1404xx Ostern\" width=\"300\" height=\"225\" srcset=\"https:\/\/www.gartenbauverein-altenmarkt.de\/cms\/wordpress\/wp-content\/uploads\/2013\/03\/1404xx-Ostern-300x225.jpg 300w, https:\/\/www.gartenbauverein-altenmarkt.de\/cms\/wordpress\/wp-content\/uploads\/2013\/03\/1404xx-Ostern-624x468.jpg 624w, https:\/\/www.gartenbauverein-altenmarkt.de\/cms\/wordpress\/wp-content\/uploads\/2013\/03\/1404xx-Ostern.jpg 1024w\" sizes=\"auto, (max-width: 300px) 100vw, 300px\" \/><\/a><p id=\"caption-attachment-271\" class=\"wp-caption-text\">Osterschmuck 2014<\/p><\/div><\/p>\n<p>Unter dem Motto &#8222;Wir basteln f\u00fcr Ostern&#8220; wurden im April 2014 Ostertischdekorationen gebastelt. Jedes der 21 Kinder bekam zwei 50 cm lange Holzleisten. Auf diese klebten sie mit Hei\u00dfkleber 16 cm lange Astst\u00fccke. Das Ganze wurde mit Moos belegt und mit Kerzen, Eierschalen, Heuh\u00e4schen usw. verziert.<\/p>\n<\/td>\n<\/tr>\n<\/tbody>\n<\/table>\n<p>&nbsp;<\/p>\n","protected":false},"excerpt":{"rendered":"<p>Dieses Mal zeigten wir den 24 Kindern, von welchen Pflanzen die Gew\u00fcrze stammen. Wie z.B. der Zimt von der Rinde des Zimtbaumes oder die Vanilleschote von einer Orchidee. Mit der Zimtstange machten wir dann einen ,,w\u00e4rmenden Zimt-Fu\u00dfbalsam\u201c, den jedes Kind mit nach Hause bekam. Zwischendurch bastelten wir noch ein Kr\u00e4nzchen aus Bucheckern und Perlen. Zum [&hellip;]<\/p>\n","protected":false},"author":1,"featured_media":0,"parent":33,"menu_order":0,"comment_status":"closed","ping_status":"closed","template":"","meta":{"footnotes":""},"class_list":["post-404","page","type-page","status-publish","hentry"],"_links":{"self":[{"href":"https:\/\/www.gartenbauverein-altenmarkt.de\/cms\/wordpress\/index.php?rest_route=\/wp\/v2\/pages\/404","targetHints":{"allow":["GET"]}}],"collection":[{"href":"https:\/\/www.gartenbauverein-altenmarkt.de\/cms\/wordpress\/index.php?rest_route=\/wp\/v2\/pages"}],"about":[{"href":"https:\/\/www.gartenbauverein-altenmarkt.de\/cms\/wordpress\/index.php?rest_route=\/wp\/v2\/types\/page"}],"author":[{"embeddable":true,"href":"https:\/\/www.gartenbauverein-altenmarkt.de\/cms\/wordpress\/index.php?rest_route=\/wp\/v2\/users\/1"}],"replies":[{"embeddable":true,"href":"https:\/\/www.gartenbauverein-altenmarkt.de\/cms\/wordpress\/index.php?rest_route=%2Fwp%2Fv2%2Fcomments&post=404"}],"version-history":[{"count":1,"href":"https:\/\/www.gartenbauverein-altenmarkt.de\/cms\/wordpress\/index.php?rest_route=\/wp\/v2\/pages\/404\/revisions"}],"predecessor-version":[{"id":405,"href":"https:\/\/www.gartenbauverein-altenmarkt.de\/cms\/wordpress\/index.php?rest_route=\/wp\/v2\/pages\/404\/revisions\/405"}],"up":[{"embeddable":true,"href":"https:\/\/www.gartenbauverein-altenmarkt.de\/cms\/wordpress\/index.php?rest_route=\/wp\/v2\/pages\/33"}],"wp:attachment":[{"href":"https:\/\/www.gartenbauverein-altenmarkt.de\/cms\/wordpress\/index.php?rest_route=%2Fwp%2Fv2%2Fmedia&parent=404"}],"curies":[{"name":"wp","href":"https:\/\/api.w.org\/{rel}","templated":true}]}}