{"id":401,"date":"2015-05-03T12:24:05","date_gmt":"2015-05-03T10:24:05","guid":{"rendered":"http:\/\/www.gartenbauverein-altenmarkt.de\/cms\/wordpress\/?page_id=401"},"modified":"2015-05-03T12:24:05","modified_gmt":"2015-05-03T10:24:05","slug":"archiv-jugendarbeit-2013","status":"publish","type":"page","link":"https:\/\/www.gartenbauverein-altenmarkt.de\/cms\/wordpress\/?page_id=401","title":{"rendered":"Archiv Jugendarbeit 2013"},"content":{"rendered":"<table style=\"font-size: 14px;\" border=\"0\">\n<tbody>\n<tr>\n<td><div id=\"attachment_276\" style=\"width: 310px\" class=\"wp-caption alignleft\"><a href=\"https:\/\/www.gartenbauverein-altenmarkt.de\/cms\/wordpress\/wp-content\/uploads\/2013\/03\/140313-Vom-Samen-zum-Baum.jpg\"><img loading=\"lazy\" decoding=\"async\" aria-describedby=\"caption-attachment-276\" class=\"size-medium wp-image-276\" src=\"https:\/\/www.gartenbauverein-altenmarkt.de\/cms\/wordpress\/wp-content\/uploads\/2013\/03\/140313-Vom-Samen-zum-Baum-300x225.jpg\" alt=\"Die \u00dcberbleibsel der Herzerl-Aktion vom Herbst 2013 wurden verarbeitet.\" width=\"300\" height=\"225\" srcset=\"https:\/\/www.gartenbauverein-altenmarkt.de\/cms\/wordpress\/wp-content\/uploads\/2013\/03\/140313-Vom-Samen-zum-Baum-300x225.jpg 300w, https:\/\/www.gartenbauverein-altenmarkt.de\/cms\/wordpress\/wp-content\/uploads\/2013\/03\/140313-Vom-Samen-zum-Baum-624x468.jpg 624w, https:\/\/www.gartenbauverein-altenmarkt.de\/cms\/wordpress\/wp-content\/uploads\/2013\/03\/140313-Vom-Samen-zum-Baum.jpg 1024w\" sizes=\"auto, (max-width: 300px) 100vw, 300px\" \/><\/a><p id=\"caption-attachment-276\" class=\"wp-caption-text\">Die \u00dcberbleibsel der Herzerl-Aktion vom Herbst 2013 wurden verarbeitet.<\/p><\/div><\/p>\n<p>Vom Samen zum Baum \u2013 vom Kern zur Pflanze, unter diesem Motto starteten die 16 Kinder im M\u00e4rz 2014 mit einem Bohnenexperiment. Hierf\u00fcr kam an den Rand eines Glases L\u00f6schpapier und die Mitte wurde mit Watte aufgef\u00fcllt. Zwischen Glas und L\u00f6schpapier kamen die Bohnensamen, aber so, da\u00df sie in vier verschiedene Richtungen schauten. Das Ziel war herauszufinden, ob es egal ist, wie der Samen in die Erde gelegt wird und wo die Wurzeln hin wachsen. Die Kinder bekamen einen Beobachtungszettel mit nach Hause. Anschlie\u00dfend bef\u00fcllte jedes Kind noch einen Topf mit Erde und legte einen Baumsamen hinein. Es standen Ahorn, Kastanie, Tanne und Fichte zur Auswahl. Diesen nahmen sie zum Beobachten mit nach Hause. Zum Schluss bastelten wir mit den restlichen Tonherzen noch eine Kleinigkeit.<\/p>\n<\/td>\n<\/tr>\n<tr>\n<td><div id=\"attachment_199\" style=\"width: 310px\" class=\"wp-caption alignleft\"><a href=\"https:\/\/www.gartenbauverein-altenmarkt.de\/cms\/wordpress\/wp-content\/uploads\/2013\/03\/Jugend-November-2013.jpg\"><img loading=\"lazy\" decoding=\"async\" aria-describedby=\"caption-attachment-199\" class=\"size-medium wp-image-199 \" src=\"https:\/\/www.gartenbauverein-altenmarkt.de\/cms\/wordpress\/wp-content\/uploads\/2013\/03\/Jugend-November-2013-300x225.jpg\" alt=\"Basteln f\u00fcr Weihnachten am 28. November 2013\" width=\"300\" height=\"225\" srcset=\"https:\/\/www.gartenbauverein-altenmarkt.de\/cms\/wordpress\/wp-content\/uploads\/2013\/03\/Jugend-November-2013-300x225.jpg 300w, https:\/\/www.gartenbauverein-altenmarkt.de\/cms\/wordpress\/wp-content\/uploads\/2013\/03\/Jugend-November-2013-624x468.jpg 624w, https:\/\/www.gartenbauverein-altenmarkt.de\/cms\/wordpress\/wp-content\/uploads\/2013\/03\/Jugend-November-2013.jpg 1024w\" sizes=\"auto, (max-width: 300px) 100vw, 300px\" \/><\/a><p id=\"caption-attachment-199\" class=\"wp-caption-text\">Basteln f\u00fcr Weihnachten am 28. November 2013<\/p><\/div><\/p>\n<p>Im November 2013 wurden aus Wald- und Weinreben T\u00fcrkr\u00e4nze gebunden. Diese wurden mit Zweigen, Beeren und Zapfen verziert. Zum Schluss gab es noch Punsch und Lebkuchen.<\/p>\n<\/td>\n<\/tr>\n<tr>\n<td><div id=\"attachment_193\" style=\"width: 310px\" class=\"wp-caption alignleft\"><a href=\"https:\/\/www.gartenbauverein-altenmarkt.de\/cms\/wordpress\/wp-content\/uploads\/2013\/03\/Jugend-Oktober-2013.jpg\"><img loading=\"lazy\" decoding=\"async\" aria-describedby=\"caption-attachment-193\" class=\"size-medium wp-image-193 \" src=\"https:\/\/www.gartenbauverein-altenmarkt.de\/cms\/wordpress\/wp-content\/uploads\/2013\/03\/Jugend-Oktober-2013-300x225.jpg\" alt=\"Exkursion am 24. Oktober 2013 in den Wald\" width=\"300\" height=\"225\" srcset=\"https:\/\/www.gartenbauverein-altenmarkt.de\/cms\/wordpress\/wp-content\/uploads\/2013\/03\/Jugend-Oktober-2013-300x225.jpg 300w, https:\/\/www.gartenbauverein-altenmarkt.de\/cms\/wordpress\/wp-content\/uploads\/2013\/03\/Jugend-Oktober-2013-624x468.jpg 624w, https:\/\/www.gartenbauverein-altenmarkt.de\/cms\/wordpress\/wp-content\/uploads\/2013\/03\/Jugend-Oktober-2013.jpg 1024w\" sizes=\"auto, (max-width: 300px) 100vw, 300px\" \/><\/a><p id=\"caption-attachment-193\" class=\"wp-caption-text\">Exkursion am 24. Oktober 2013 in den Wald<\/p><\/div><\/p>\n<p>Im Oktober 2013 gingen wir in den Wald. Wir schauten uns die Laubb\u00e4ume genauer an. Die Kinder durften mit ihren H\u00e4nden die Baumrinde f\u00fchlen und dann Rindenbilder machen. Zuletzt sammelten sie noch passende Bl\u00e4tter, die sie zu Hause mit ihrer im Fr\u00fchjahr selbst gebauten Pflanzenpresse pressten.<\/p>\n<\/td>\n<\/tr>\n<tr>\n<td><div id=\"attachment_182\" style=\"width: 310px\" class=\"wp-caption alignleft\"><a href=\"https:\/\/www.gartenbauverein-altenmarkt.de\/cms\/wordpress\/wp-content\/uploads\/2013\/03\/Jugend-September-2013.jpg\"><img loading=\"lazy\" decoding=\"async\" aria-describedby=\"caption-attachment-182\" class=\"size-medium wp-image-182\" src=\"https:\/\/www.gartenbauverein-altenmarkt.de\/cms\/wordpress\/wp-content\/uploads\/2013\/03\/Jugend-September-2013-300x225.jpg\" alt=\"Bau eines Insektenhotels am 19. September 2013\" width=\"300\" height=\"225\" srcset=\"https:\/\/www.gartenbauverein-altenmarkt.de\/cms\/wordpress\/wp-content\/uploads\/2013\/03\/Jugend-September-2013-300x225.jpg 300w, https:\/\/www.gartenbauverein-altenmarkt.de\/cms\/wordpress\/wp-content\/uploads\/2013\/03\/Jugend-September-2013-624x468.jpg 624w, https:\/\/www.gartenbauverein-altenmarkt.de\/cms\/wordpress\/wp-content\/uploads\/2013\/03\/Jugend-September-2013.jpg 1024w\" sizes=\"auto, (max-width: 300px) 100vw, 300px\" \/><\/a><p id=\"caption-attachment-182\" class=\"wp-caption-text\">Bau eines Insektenhotels am 19. September 2013<\/p><\/div><\/p>\n<p>Heute ging es um den Bau eines Insektenhotels. Die Bretter wurden von uns Betreuerinnen schon vorbereitet, so da\u00df die 20 Kinder sie nur noch zusammenschrauben mussten. Fast alle Kinder brachten einen Akkuschrauber mit. Voller Begeisterung wurde geschraubt und anschlie\u00dfend mit Kiefernzapfen, Holzkl\u00f6tzen, Astst\u00fccken, Schilf und einem Ziegelstein bef\u00fcllt. Zum Schluss bekam jeder noch ein Merkblatt mit einer Anleitung zum Bau eies Insektenhotels mit anderen n\u00fctzlichen Hinweisen mit.<\/p>\n<\/td>\n<\/tr>\n<tr>\n<td><div id=\"attachment_177\" style=\"width: 310px\" class=\"wp-caption alignleft\"><a href=\"https:\/\/www.gartenbauverein-altenmarkt.de\/cms\/wordpress\/wp-content\/uploads\/2013\/12\/Jugend-August-2013.jpg\"><img loading=\"lazy\" decoding=\"async\" aria-describedby=\"caption-attachment-177\" class=\"size-medium wp-image-177 \" src=\"https:\/\/www.gartenbauverein-altenmarkt.de\/cms\/wordpress\/wp-content\/uploads\/2013\/12\/Jugend-August-2013-300x225.jpg\" alt=\"Bastelaktion f\u00fcr die Ausstellung &quot;Quer durch den Garten&quot; am 22. August 2013\" width=\"300\" height=\"225\" srcset=\"https:\/\/www.gartenbauverein-altenmarkt.de\/cms\/wordpress\/wp-content\/uploads\/2013\/12\/Jugend-August-2013-300x225.jpg 300w, https:\/\/www.gartenbauverein-altenmarkt.de\/cms\/wordpress\/wp-content\/uploads\/2013\/12\/Jugend-August-2013-624x468.jpg 624w, https:\/\/www.gartenbauverein-altenmarkt.de\/cms\/wordpress\/wp-content\/uploads\/2013\/12\/Jugend-August-2013.jpg 1024w\" sizes=\"auto, (max-width: 300px) 100vw, 300px\" \/><\/a><p id=\"caption-attachment-177\" class=\"wp-caption-text\">Bastelaktion f\u00fcr die Ausstellung &#8222;Quer durch den Garten&#8220; am 22. August 2013<\/p><\/div><\/p>\n<p>Acht Kinder bastelten am 22.08.13 f\u00fcr die Herbstausstellung. Als erstes malten sie Herzdosen an, die sie dann mit gepressten Blumen verzierten. Dann wurden noch Tonherzen ausgestochen. Als Abschluss gab es dann noch Kapuzienerkressen-Butter mit der selbst angebauten Kapuzienerkresse.<\/p>\n<\/td>\n<\/tr>\n<tr>\n<td><div id=\"attachment_173\" style=\"width: 310px\" class=\"wp-caption alignleft\"><a href=\"https:\/\/www.gartenbauverein-altenmarkt.de\/cms\/wordpress\/wp-content\/uploads\/2013\/12\/Jugend-Juli-2013.jpg\"><img loading=\"lazy\" decoding=\"async\" aria-describedby=\"caption-attachment-173\" class=\"size-medium wp-image-173 \" src=\"https:\/\/www.gartenbauverein-altenmarkt.de\/cms\/wordpress\/wp-content\/uploads\/2013\/12\/Jugend-Juli-2013-300x225.jpg\" alt=\"Wiesenapotheke und Lagerfeuer am 11. Juli 2013\" width=\"300\" height=\"225\" srcset=\"https:\/\/www.gartenbauverein-altenmarkt.de\/cms\/wordpress\/wp-content\/uploads\/2013\/12\/Jugend-Juli-2013-300x225.jpg 300w, https:\/\/www.gartenbauverein-altenmarkt.de\/cms\/wordpress\/wp-content\/uploads\/2013\/12\/Jugend-Juli-2013-624x468.jpg 624w, https:\/\/www.gartenbauverein-altenmarkt.de\/cms\/wordpress\/wp-content\/uploads\/2013\/12\/Jugend-Juli-2013.jpg 1024w\" sizes=\"auto, (max-width: 300px) 100vw, 300px\" \/><\/a><p id=\"caption-attachment-173\" class=\"wp-caption-text\">Wiesenapotheke und Lagerfeuer am 11. Juli 2013<\/p><\/div><\/p>\n<p>Thema war \u201edie Wiesenapotheke\u201c. Auf den Weg in den Wald stellten wir den 21 Kindern die Pflanzen der Wiesenapotheke vor. Das G\u00e4nsebl\u00fcmchen und den Spitzwegerich fanden sie sofort, beim Beifu\u00df mussten wir ihnen helfen. Wir erkl\u00e4rten ihnen f\u00fcr was und wie die Pflanzen angewendet werden. Jeder presste noch die Pflanzen.Als Belohnung wurde noch gegrillt. Voller Eifer wurde im Wald Brennholz gesammelt und ein Lagerfeuer gemacht. Es gab W\u00fcrste und Baguette mit selbst gemachter Kr\u00e4uterbutter.<\/p>\n<\/td>\n<\/tr>\n<tr>\n<td><div id=\"attachment_170\" style=\"width: 310px\" class=\"wp-caption alignleft\"><a href=\"https:\/\/www.gartenbauverein-altenmarkt.de\/cms\/wordpress\/wp-content\/uploads\/2013\/12\/Jugend_Juni_2013_1024.jpg\"><img loading=\"lazy\" decoding=\"async\" aria-describedby=\"caption-attachment-170\" class=\"size-medium wp-image-170 \" src=\"https:\/\/www.gartenbauverein-altenmarkt.de\/cms\/wordpress\/wp-content\/uploads\/2013\/12\/Jugend_Juni_2013_1024-300x225.jpg\" alt=\"Besuch beim Schartner Weiher am 13. Juni 2013\" width=\"300\" height=\"225\" srcset=\"https:\/\/www.gartenbauverein-altenmarkt.de\/cms\/wordpress\/wp-content\/uploads\/2013\/12\/Jugend_Juni_2013_1024-300x225.jpg 300w, https:\/\/www.gartenbauverein-altenmarkt.de\/cms\/wordpress\/wp-content\/uploads\/2013\/12\/Jugend_Juni_2013_1024-624x468.jpg 624w, https:\/\/www.gartenbauverein-altenmarkt.de\/cms\/wordpress\/wp-content\/uploads\/2013\/12\/Jugend_Juni_2013_1024.jpg 1024w\" sizes=\"auto, (max-width: 300px) 100vw, 300px\" \/><\/a><p id=\"caption-attachment-170\" class=\"wp-caption-text\">Besuch beim Schartner Weiher am 13. Juni 2013<\/p><\/div><\/p>\n<p>Mit 18 Kindern wanderten wir zum Schartner Weiher. Auf dem Weg durch den Wald sammelten die Kinder alles, was sie zum Bau eines Bootes ben\u00f6tigten. Als wir ankamen, war der Bootsbau nicht mehr so wichtig, da sie sofort Kaulquappen fischten. Die fr\u00fcher schon gebastelten Becherlupen wurden mit ihnen bef\u00fcllt und beobachtet. Franziska ging ein Fisch und Basti ein Teichmolch in den Kescher.<\/p>\n<\/td>\n<\/tr>\n<\/tbody>\n<\/table>\n<p>&nbsp;<\/p>\n","protected":false},"excerpt":{"rendered":"<p>Vom Samen zum Baum \u2013 vom Kern zur Pflanze, unter diesem Motto starteten die 16 Kinder im M\u00e4rz 2014 mit einem Bohnenexperiment. Hierf\u00fcr kam an den Rand eines Glases L\u00f6schpapier und die Mitte wurde mit Watte aufgef\u00fcllt. Zwischen Glas und L\u00f6schpapier kamen die Bohnensamen, aber so, da\u00df sie in vier verschiedene Richtungen schauten. Das Ziel [&hellip;]<\/p>\n","protected":false},"author":1,"featured_media":0,"parent":33,"menu_order":0,"comment_status":"closed","ping_status":"closed","template":"","meta":{"footnotes":""},"class_list":["post-401","page","type-page","status-publish","hentry"],"_links":{"self":[{"href":"https:\/\/www.gartenbauverein-altenmarkt.de\/cms\/wordpress\/index.php?rest_route=\/wp\/v2\/pages\/401","targetHints":{"allow":["GET"]}}],"collection":[{"href":"https:\/\/www.gartenbauverein-altenmarkt.de\/cms\/wordpress\/index.php?rest_route=\/wp\/v2\/pages"}],"about":[{"href":"https:\/\/www.gartenbauverein-altenmarkt.de\/cms\/wordpress\/index.php?rest_route=\/wp\/v2\/types\/page"}],"author":[{"embeddable":true,"href":"https:\/\/www.gartenbauverein-altenmarkt.de\/cms\/wordpress\/index.php?rest_route=\/wp\/v2\/users\/1"}],"replies":[{"embeddable":true,"href":"https:\/\/www.gartenbauverein-altenmarkt.de\/cms\/wordpress\/index.php?rest_route=%2Fwp%2Fv2%2Fcomments&post=401"}],"version-history":[{"count":2,"href":"https:\/\/www.gartenbauverein-altenmarkt.de\/cms\/wordpress\/index.php?rest_route=\/wp\/v2\/pages\/401\/revisions"}],"predecessor-version":[{"id":403,"href":"https:\/\/www.gartenbauverein-altenmarkt.de\/cms\/wordpress\/index.php?rest_route=\/wp\/v2\/pages\/401\/revisions\/403"}],"up":[{"embeddable":true,"href":"https:\/\/www.gartenbauverein-altenmarkt.de\/cms\/wordpress\/index.php?rest_route=\/wp\/v2\/pages\/33"}],"wp:attachment":[{"href":"https:\/\/www.gartenbauverein-altenmarkt.de\/cms\/wordpress\/index.php?rest_route=%2Fwp%2Fv2%2Fmedia&parent=401"}],"curies":[{"name":"wp","href":"https:\/\/api.w.org\/{rel}","templated":true}]}}