{"id":4,"date":"2013-03-03T11:02:27","date_gmt":"2013-03-03T09:02:27","guid":{"rendered":"http:\/\/idefix-gbv.bplaced.net\/wordpress_35-de\/wordpress\/?page_id=4"},"modified":"2026-03-23T09:48:27","modified_gmt":"2026-03-23T07:48:27","slug":"vorstandschaft","status":"publish","type":"page","link":"https:\/\/www.gartenbauverein-altenmarkt.de\/cms\/wordpress\/?page_id=4","title":{"rendered":"Vorstandschaft"},"content":{"rendered":"<p>Die Vorstandschaft besteht aus ersten und zweiten Vorsitzenden, Kassenverwalter(in), Schriftf\u00fchrer(in) und Beisitzern.<\/p>\n<p>1. Vorsitzende (kommisarisch seit 13.03.26): Christa Widanski<br \/>\n2. Vorsitzende(r): N. N.<br \/>\nSchriftf\u00fchrer(in): derzeit nicht besetzt<br \/>\nKassenverwaltung: Daniela Fleidl<br \/>\nGer\u00e4tewart: Albert Sonderhauser<br \/>\nBeirat: Anton Gilg, Josef M\u00f6rwald, Elisabeth Schmid, Herbert Seiler, Monika Trenker, Konrad Wimmer, Elke Zimmermann, Kerstin Zimmermann<br \/>\nKassenpr\u00fcfung: Monika Schlaipfer, Susanne Allg\u00e4uer<\/p>\n<p>Die Nachwuchsgruppe &#8222;Wurzelkinderbande&#8220; betreuen Elisabeth M\u00fcller und Monika Trenker.<\/p>\n<p><a href=\"https:\/\/www.gartenbauverein-altenmarkt.de\/cms\/wordpress\/?attachment_id=1303\" rel=\"attachment wp-att-1303\"><img loading=\"lazy\" decoding=\"async\" class=\"alignleft size-medium wp-image-1303\" src=\"https:\/\/www.gartenbauverein-altenmarkt.de\/cms\/wordpress\/wp-content\/uploads\/2023\/04\/230324-Vorstandschaft-2023-2027-1-300x181.jpg\" alt=\"\" width=\"300\" height=\"181\" srcset=\"https:\/\/www.gartenbauverein-altenmarkt.de\/cms\/wordpress\/wp-content\/uploads\/2023\/04\/230324-Vorstandschaft-2023-2027-1-300x181.jpg 300w, https:\/\/www.gartenbauverein-altenmarkt.de\/cms\/wordpress\/wp-content\/uploads\/2023\/04\/230324-Vorstandschaft-2023-2027-1-1024x619.jpg 1024w, https:\/\/www.gartenbauverein-altenmarkt.de\/cms\/wordpress\/wp-content\/uploads\/2023\/04\/230324-Vorstandschaft-2023-2027-1-768x464.jpg 768w, https:\/\/www.gartenbauverein-altenmarkt.de\/cms\/wordpress\/wp-content\/uploads\/2023\/04\/230324-Vorstandschaft-2023-2027-1-1536x928.jpg 1536w, https:\/\/www.gartenbauverein-altenmarkt.de\/cms\/wordpress\/wp-content\/uploads\/2023\/04\/230324-Vorstandschaft-2023-2027-1-2048x1238.jpg 2048w, https:\/\/www.gartenbauverein-altenmarkt.de\/cms\/wordpress\/wp-content\/uploads\/2023\/04\/230324-Vorstandschaft-2023-2027-1-624x377.jpg 624w\" sizes=\"auto, (max-width: 300px) 100vw, 300px\" \/><\/a><\/p>\n<p>Vordere Reihe von links: Josef M\u00f6rwald, Waltraud Bierschneider (ausgeschieden), Gabi Kipnick (zur\u00fcck getreten), Ursula Stitzl (ausgeschieden),<br \/>\nMittlere Reihe: Christa Widanski, Elisabeth Schmid, Daniela Fleidl, Monika Schlaipfer (Kassenpr\u00fcfung), Susanne Allg\u00e4uer (Kassenpr\u00fcfung), Albert Sonderhauser<br \/>\nHintere Reihe: Anton Gilg, Monika Trenker, Elisabeth M\u00fcller, Konrad Wimmer.<br \/>\nEs fehlen Rebekka Lackner und Kerstin Zimmermann.<\/p>\n<p><strong>Die Vorstandschaft der Wahlperiode 2<\/strong><strong>019 &#8211; 2023:<\/strong><\/p>\n<p><a href=\"https:\/\/www.gartenbauverein-altenmarkt.de\/cms\/wordpress\/?attachment_id=856\" rel=\"attachment wp-att-856\"><img loading=\"lazy\" decoding=\"async\" class=\"alignnone wp-image-856 size-large\" src=\"https:\/\/www.gartenbauverein-altenmarkt.de\/cms\/wordpress\/wp-content\/uploads\/2019\/04\/190411-Vorstandschaft-GBV-Altenmarkt-2019-1024x768.jpg\" alt=\"\" width=\"625\" height=\"469\" srcset=\"https:\/\/www.gartenbauverein-altenmarkt.de\/cms\/wordpress\/wp-content\/uploads\/2019\/04\/190411-Vorstandschaft-GBV-Altenmarkt-2019.jpg 1024w, https:\/\/www.gartenbauverein-altenmarkt.de\/cms\/wordpress\/wp-content\/uploads\/2019\/04\/190411-Vorstandschaft-GBV-Altenmarkt-2019-300x225.jpg 300w, https:\/\/www.gartenbauverein-altenmarkt.de\/cms\/wordpress\/wp-content\/uploads\/2019\/04\/190411-Vorstandschaft-GBV-Altenmarkt-2019-768x576.jpg 768w, https:\/\/www.gartenbauverein-altenmarkt.de\/cms\/wordpress\/wp-content\/uploads\/2019\/04\/190411-Vorstandschaft-GBV-Altenmarkt-2019-624x468.jpg 624w\" sizes=\"auto, (max-width: 625px) 100vw, 625px\" \/><br \/>\n<\/a> Hintere Reihe (von links): Konrad Wimmer, Waltraud Bierschneider, Monika Trenker, Elke Zimmermann, Anton Gilg, Sieglinde Zettl (ausgeschieden), Elisabeth Schmid, Ursula Stitzl und Rosemarie Maier.<br \/>\nVordere Reihe: Resi Gilg (3. Kreisvorsitzende), Josef M\u00f6rwald, Christa Widanski, Daniela Fleidl und Albert Sonderhauser. Kerstin Zimmermann fehlt auf dem Bild<\/p>\n<p><strong>Die Vorstandschaft der Wahlperiode 2011 &#8211; 2015: <\/strong><\/p>\n<p><a href=\"https:\/\/www.gartenbauverein-altenmarkt.de\/cms\/wordpress\/?attachment_id=880\" rel=\"attachment wp-att-880\"><img loading=\"lazy\" decoding=\"async\" class=\"alignnone size-large wp-image-880\" src=\"https:\/\/www.gartenbauverein-altenmarkt.de\/cms\/wordpress\/wp-content\/uploads\/2019\/04\/Vorstand_2013-1024x683.jpg\" alt=\"\" width=\"625\" height=\"417\" \/><\/a><br \/>\nHintere Reihe von links: Sieglinde Zettl, Ursula Stitzl, Anton Gilg (2. Vorstand), Josef Wachsmann (Kassier),<br \/>\nMittlere Reihe: Elke Zimmermann, Albert Sonderhauser (Ger\u00e4tewart),<br \/>\nVordere Reihe: Kerstin Zimmermann (Schriftf\u00fchrerin), Waltraud Bierschneider, Josef M\u00f6rwald (1. Vorstand) und Heidi Riederer (Rechnungspr\u00fcferin).<br \/>\nAuf dem Bild fehlen: Alfred Wimmer und Annelies Wilfling<\/p>\n","protected":false},"excerpt":{"rendered":"<p>Die Vorstandschaft besteht aus ersten und zweiten Vorsitzenden, Kassenverwalter(in), Schriftf\u00fchrer(in) und Beisitzern. 1. Vorsitzende (kommisarisch seit 13.03.26): Christa Widanski 2. Vorsitzende(r): N. N. Schriftf\u00fchrer(in): derzeit nicht besetzt Kassenverwaltung: Daniela Fleidl Ger\u00e4tewart: Albert Sonderhauser Beirat: Anton Gilg, Josef M\u00f6rwald, Elisabeth Schmid, Herbert Seiler, Monika Trenker, Konrad Wimmer, Elke Zimmermann, Kerstin Zimmermann Kassenpr\u00fcfung: Monika Schlaipfer, Susanne Allg\u00e4uer [&hellip;]<\/p>\n","protected":false},"author":1,"featured_media":0,"parent":0,"menu_order":0,"comment_status":"closed","ping_status":"closed","template":"","meta":{"footnotes":""},"class_list":["post-4","page","type-page","status-publish","hentry"],"_links":{"self":[{"href":"https:\/\/www.gartenbauverein-altenmarkt.de\/cms\/wordpress\/index.php?rest_route=\/wp\/v2\/pages\/4","targetHints":{"allow":["GET"]}}],"collection":[{"href":"https:\/\/www.gartenbauverein-altenmarkt.de\/cms\/wordpress\/index.php?rest_route=\/wp\/v2\/pages"}],"about":[{"href":"https:\/\/www.gartenbauverein-altenmarkt.de\/cms\/wordpress\/index.php?rest_route=\/wp\/v2\/types\/page"}],"author":[{"embeddable":true,"href":"https:\/\/www.gartenbauverein-altenmarkt.de\/cms\/wordpress\/index.php?rest_route=\/wp\/v2\/users\/1"}],"replies":[{"embeddable":true,"href":"https:\/\/www.gartenbauverein-altenmarkt.de\/cms\/wordpress\/index.php?rest_route=%2Fwp%2Fv2%2Fcomments&post=4"}],"version-history":[{"count":32,"href":"https:\/\/www.gartenbauverein-altenmarkt.de\/cms\/wordpress\/index.php?rest_route=\/wp\/v2\/pages\/4\/revisions"}],"predecessor-version":[{"id":1695,"href":"https:\/\/www.gartenbauverein-altenmarkt.de\/cms\/wordpress\/index.php?rest_route=\/wp\/v2\/pages\/4\/revisions\/1695"}],"wp:attachment":[{"href":"https:\/\/www.gartenbauverein-altenmarkt.de\/cms\/wordpress\/index.php?rest_route=%2Fwp%2Fv2%2Fmedia&parent=4"}],"curies":[{"name":"wp","href":"https:\/\/api.w.org\/{rel}","templated":true}]}}