{"id":394,"date":"2015-05-03T12:20:21","date_gmt":"2015-05-03T10:20:21","guid":{"rendered":"http:\/\/www.gartenbauverein-altenmarkt.de\/cms\/wordpress\/?page_id=394"},"modified":"2015-05-03T12:20:21","modified_gmt":"2015-05-03T10:20:21","slug":"archiv-2014","status":"publish","type":"page","link":"https:\/\/www.gartenbauverein-altenmarkt.de\/cms\/wordpress\/?page_id=394","title":{"rendered":"Archiv 2014"},"content":{"rendered":"<table style=\"font-size: 14px;\" border=\"0\">\n<tbody>\n<tr>\n<td><div id=\"attachment_317\" style=\"width: 310px\" class=\"wp-caption alignleft\"><a href=\"https:\/\/www.gartenbauverein-altenmarkt.de\/cms\/wordpress\/wp-content\/uploads\/2013\/03\/141019-Blumentausch-2014.jpg\"><img loading=\"lazy\" decoding=\"async\" aria-describedby=\"caption-attachment-317\" class=\"size-medium wp-image-317\" src=\"https:\/\/www.gartenbauverein-altenmarkt.de\/cms\/wordpress\/wp-content\/uploads\/2013\/03\/141019-Blumentausch-2014-300x225.jpg\" alt=\"Kerstin Zimmermann, Waltraud Bierschneider, Ursula Stitzl und Vorstand M\u00f6rwald am Stand des Gartenbauvereines\" width=\"300\" height=\"225\" srcset=\"https:\/\/www.gartenbauverein-altenmarkt.de\/cms\/wordpress\/wp-content\/uploads\/2013\/03\/141019-Blumentausch-2014-300x225.jpg 300w, https:\/\/www.gartenbauverein-altenmarkt.de\/cms\/wordpress\/wp-content\/uploads\/2013\/03\/141019-Blumentausch-2014-624x468.jpg 624w, https:\/\/www.gartenbauverein-altenmarkt.de\/cms\/wordpress\/wp-content\/uploads\/2013\/03\/141019-Blumentausch-2014.jpg 1024w\" sizes=\"auto, (max-width: 300px) 100vw, 300px\" \/><\/a><p id=\"caption-attachment-317\" class=\"wp-caption-text\">Kerstin Zimmermann, Waltraud Bierschneider, Ursula Stitzl und Vorstand M\u00f6rwald am Stand des Gartenbauvereines<\/p><\/div><\/p>\n<p>Im Rahmen des Altenmarkter Schwarzmarktes 2014 fand am 19. Oktober die<strong> Blumen- und Pflanzentauschb\u00f6rse<\/strong> am Altenmarkter Bahnhof statt. Viele Besucher schauten am Stand des Gartenbauvereins vorbei, einige brachten auch Pflanzen vorbei bzw. deckten sich mit Waren ein. Das sehr sonnige Herbstwetter bereicherte die Aktion.<\/p>\n<\/td>\n<\/tr>\n<tr>\n<td><div id=\"attachment_315\" style=\"width: 251px\" class=\"wp-caption alignleft\"><a href=\"https:\/\/www.gartenbauverein-altenmarkt.de\/cms\/wordpress\/wp-content\/uploads\/2013\/03\/141019-gbv_hv_m\u00f6sl.jpg\"><img loading=\"lazy\" decoding=\"async\" aria-describedby=\"caption-attachment-315\" class=\"size-medium wp-image-315\" src=\"https:\/\/www.gartenbauverein-altenmarkt.de\/cms\/wordpress\/wp-content\/uploads\/2013\/03\/141019-gbv_hv_m\u00f6sl-241x300.jpg\" alt=\"Hannelore M\u00f6sl referiert \u00fcber schattige Bereiche\" width=\"241\" height=\"300\" srcset=\"https:\/\/www.gartenbauverein-altenmarkt.de\/cms\/wordpress\/wp-content\/uploads\/2013\/03\/141019-gbv_hv_m\u00f6sl-241x300.jpg 241w, https:\/\/www.gartenbauverein-altenmarkt.de\/cms\/wordpress\/wp-content\/uploads\/2013\/03\/141019-gbv_hv_m\u00f6sl-624x774.jpg 624w, https:\/\/www.gartenbauverein-altenmarkt.de\/cms\/wordpress\/wp-content\/uploads\/2013\/03\/141019-gbv_hv_m\u00f6sl.jpg 1024w\" sizes=\"auto, (max-width: 241px) 100vw, 241px\" \/><\/a><p id=\"caption-attachment-315\" class=\"wp-caption-text\">Hannelore M\u00f6sl referiert \u00fcber schattige Bereiche<\/p><\/div><\/p>\n<p>Die<strong> Herbstversammlung 2014<\/strong> fand am 17. Oktober im Pfarrheim statt. Hannelore M\u00f6sl, eine erfahrene Freizeitg\u00e4rtnerin aus Neuhausen bei Traunstein sprach \u00fcber die Bepflanzung und Pflege von schattigen Bereichen. Welche Blumen, Stauden und Str\u00e4uche sich daf\u00fcr eigen und auf welche Pflanzen man am Besten verzichten sollte.<\/p>\n<\/td>\n<\/tr>\n<tr>\n<td><a href=\"https:\/\/www.gartenbauverein-altenmarkt.de\/cms\/wordpress\/wp-content\/uploads\/2013\/03\/Vereinsausflug-2014-LGS-Deggendorf.jpg\"><img loading=\"lazy\" decoding=\"async\" class=\"alignleft wp-image-246\" src=\"https:\/\/www.gartenbauverein-altenmarkt.de\/cms\/wordpress\/wp-content\/uploads\/2013\/03\/Vereinsausflug-2014-LGS-Deggendorf.jpg\" alt=\"Vereinsausflug 2014 LGS Deggendorf\" width=\"300\" height=\"225\" \/><\/a> Der <strong>diesj\u00e4hrige Ausflug<\/strong> f\u00fchrte mit dem Gartenbauverein Trostberg am Samstag den 21. Juni 2014 zur <strong>Landesgartenschau nach Deggendorf<\/strong>. Je 27 Interesierte aus Altenmarkt und Trostberg beteiligten sich. Mit einem Bus der Firma H\u00f6vels erreichten wir nach 1 1\/2 st\u00fcndiger Fahrt das Ziel. Bei herrlichem Wetter konnten die wundersch\u00f6nen Blumenbeete auf den Deichg\u00e4rten, der Regionalbereich, die Fischerg\u00e4rten, der Donaupark, die Sonderschau &#8222;Zauberhafte Rosen(t)r\u00e4ume&#8220; und der Stadthallenpark besichtigt werden. Einige besuchten auch die alte Innenstadt von Deggendorf.<\/td>\n<\/tr>\n<tr>\n<td><a href=\"https:\/\/www.gartenbauverein-altenmarkt.de\/cms\/wordpress\/wp-content\/uploads\/2014\/04\/Fruehjahrsversammlung-2014-1.jpg\"><img loading=\"lazy\" decoding=\"async\" class=\"alignleft wp-image-225\" src=\"https:\/\/www.gartenbauverein-altenmarkt.de\/cms\/wordpress\/wp-content\/uploads\/2014\/04\/Fruehjahrsversammlung-2014-1.jpg\" alt=\"Fr\u00fchjahrsversammlung 2014 - Ehrungen\" width=\"300\" height=\"225\" \/><\/a>Die <strong>Fr\u00fchjahrsversammlung<\/strong> fand am Freitag den 11. April 2014 um 20 Uhr im Pfarrheim statt. Nach den T\u00e4tigkeitsberichten, Kassenbericht, Ehrungen usw. sprach Christa Weiss aus Obing \u00fcber Wildpflanzen, <strong>&#8222;Di<\/strong><strong>rndlbirl und Hollerstaudn&#8220;<\/strong> war das Thema. Geehrt wurden f\u00fcr 25-j\u00e4hrige Mitgliedschaft (von links) Anna Mayer, Marianne Willenberg, Engelbert Brunnw\u00f6lfl und Lina Hirsch, die f\u00fcr Ihren Ehemann Ludwig die Ehrung entegen nahm. Hinten im Bild ist Vorstand Josef M\u00f6rwald. Emmi Linner und Wilhelmine Mitterreiter konnten f\u00fcr 50 Jahre Mitgliedschaft geehrt werden, konnten aber selbst nicht anwesend sein.<\/td>\n<\/tr>\n<tr>\n<td><a href=\"https:\/\/www.gartenbauverein-altenmarkt.de\/cms\/wordpress\/wp-content\/uploads\/2013\/03\/Fr\u00fchjahrsversammlung-2014-Spenden\u00fcbergabe.jpg\"><img loading=\"lazy\" decoding=\"async\" class=\"alignleft wp-image-226\" src=\"https:\/\/www.gartenbauverein-altenmarkt.de\/cms\/wordpress\/wp-content\/uploads\/2013\/03\/Fr\u00fchjahrsversammlung-2014-Spenden\u00fcbergabe.jpg\" alt=\"Fr\u00fchjahrsversammlung 2014 Spenden\u00fcbergabe\" width=\"300\" height=\"225\" \/><\/a> Bei der <strong>Fr\u00fchjahrsversammlung 2014<\/strong> konnte Vorstand M\u00f6rwald die Erl\u00f6se aus den Verk\u00e4ufen der gebastelten Herzen bei der Ausstellung &#8222;Quer durch den Garten&#8220; in Lampoding an Kirchenpfleger Waldemar Schimpl f\u00fcr den Volksaltar Rabenden und an B\u00fcrgermeister Stephan Bierschneider f\u00fcr den Sozialfond Altenmarkt \u00fcbergeben.<\/td>\n<\/tr>\n<\/tbody>\n<\/table>\n<p>&nbsp;<\/p>\n","protected":false},"excerpt":{"rendered":"<p>Im Rahmen des Altenmarkter Schwarzmarktes 2014 fand am 19. Oktober die Blumen- und Pflanzentauschb\u00f6rse am Altenmarkter Bahnhof statt. Viele Besucher schauten am Stand des Gartenbauvereins vorbei, einige brachten auch Pflanzen vorbei bzw. deckten sich mit Waren ein. Das sehr sonnige Herbstwetter bereicherte die Aktion. Die Herbstversammlung 2014 fand am 17. Oktober im Pfarrheim statt. Hannelore [&hellip;]<\/p>\n","protected":false},"author":1,"featured_media":0,"parent":40,"menu_order":0,"comment_status":"closed","ping_status":"closed","template":"","meta":{"footnotes":""},"class_list":["post-394","page","type-page","status-publish","hentry"],"_links":{"self":[{"href":"https:\/\/www.gartenbauverein-altenmarkt.de\/cms\/wordpress\/index.php?rest_route=\/wp\/v2\/pages\/394","targetHints":{"allow":["GET"]}}],"collection":[{"href":"https:\/\/www.gartenbauverein-altenmarkt.de\/cms\/wordpress\/index.php?rest_route=\/wp\/v2\/pages"}],"about":[{"href":"https:\/\/www.gartenbauverein-altenmarkt.de\/cms\/wordpress\/index.php?rest_route=\/wp\/v2\/types\/page"}],"author":[{"embeddable":true,"href":"https:\/\/www.gartenbauverein-altenmarkt.de\/cms\/wordpress\/index.php?rest_route=\/wp\/v2\/users\/1"}],"replies":[{"embeddable":true,"href":"https:\/\/www.gartenbauverein-altenmarkt.de\/cms\/wordpress\/index.php?rest_route=%2Fwp%2Fv2%2Fcomments&post=394"}],"version-history":[{"count":3,"href":"https:\/\/www.gartenbauverein-altenmarkt.de\/cms\/wordpress\/index.php?rest_route=\/wp\/v2\/pages\/394\/revisions"}],"predecessor-version":[{"id":398,"href":"https:\/\/www.gartenbauverein-altenmarkt.de\/cms\/wordpress\/index.php?rest_route=\/wp\/v2\/pages\/394\/revisions\/398"}],"up":[{"embeddable":true,"href":"https:\/\/www.gartenbauverein-altenmarkt.de\/cms\/wordpress\/index.php?rest_route=\/wp\/v2\/pages\/40"}],"wp:attachment":[{"href":"https:\/\/www.gartenbauverein-altenmarkt.de\/cms\/wordpress\/index.php?rest_route=%2Fwp%2Fv2%2Fmedia&parent=394"}],"curies":[{"name":"wp","href":"https:\/\/api.w.org\/{rel}","templated":true}]}}