{"id":386,"date":"2015-05-03T09:26:12","date_gmt":"2015-05-03T07:26:12","guid":{"rendered":"http:\/\/www.gartenbauverein-altenmarkt.de\/cms\/wordpress\/?page_id=386"},"modified":"2015-05-03T09:57:35","modified_gmt":"2015-05-03T07:57:35","slug":"archiv-2013","status":"publish","type":"page","link":"https:\/\/www.gartenbauverein-altenmarkt.de\/cms\/wordpress\/?page_id=386","title":{"rendered":"Archiv 2013"},"content":{"rendered":"<table style=\"font-size: 14px;\" border=\"0\">\n<tbody>\n<tr>\n<td><a href=\"https:\/\/www.gartenbauverein-altenmarkt.de\/cms\/wordpress\/wp-content\/uploads\/2013\/11\/Blumentauschb\u00f6rse_1024.jpg\"><img loading=\"lazy\" decoding=\"async\" class=\"wp-image-147 alignleft\" src=\"https:\/\/www.gartenbauverein-altenmarkt.de\/cms\/wordpress\/wp-content\/uploads\/2013\/11\/Blumentauschb\u00f6rse_1024-300x225.jpg\" alt=\"\" width=\"300\" height=\"225\" srcset=\"https:\/\/www.gartenbauverein-altenmarkt.de\/cms\/wordpress\/wp-content\/uploads\/2013\/11\/Blumentauschb\u00f6rse_1024-300x225.jpg 300w, https:\/\/www.gartenbauverein-altenmarkt.de\/cms\/wordpress\/wp-content\/uploads\/2013\/11\/Blumentauschb\u00f6rse_1024-624x468.jpg 624w, https:\/\/www.gartenbauverein-altenmarkt.de\/cms\/wordpress\/wp-content\/uploads\/2013\/11\/Blumentauschb\u00f6rse_1024.jpg 1024w\" sizes=\"auto, (max-width: 300px) 100vw, 300px\" \/><\/a><strong>Altenmarkter Schwarzmarkt<\/strong><br \/>\n Der <strong>Blumen- und Pflanzentauschmarkt<\/strong> fand am Schwarzmarktsonntag 20. Oktober 2013 wieder beim Bahnhof statt. Im Bild sieht man Kerstin Zimmermann, Vorstand M\u00f6rwald und Waltraud Bierschneider am Stand des GBV.<\/td>\n<\/tr>\n<tr>\n<td><a href=\"https:\/\/www.gartenbauverein-altenmarkt.de\/cms\/wordpress\/wp-content\/uploads\/2013\/03\/Herbst-2013.jpg\"><img loading=\"lazy\" decoding=\"async\" class=\"size-medium wp-image-214 alignleft\" src=\"https:\/\/www.gartenbauverein-altenmarkt.de\/cms\/wordpress\/wp-content\/uploads\/2013\/03\/Herbst-2013-300x222.jpg\" alt=\"Herbst 2013\" width=\"300\" height=\"222\" srcset=\"https:\/\/www.gartenbauverein-altenmarkt.de\/cms\/wordpress\/wp-content\/uploads\/2013\/03\/Herbst-2013-300x222.jpg 300w, https:\/\/www.gartenbauverein-altenmarkt.de\/cms\/wordpress\/wp-content\/uploads\/2013\/03\/Herbst-2013-624x463.jpg 624w, https:\/\/www.gartenbauverein-altenmarkt.de\/cms\/wordpress\/wp-content\/uploads\/2013\/03\/Herbst-2013.jpg 1024w\" sizes=\"auto, (max-width: 300px) 100vw, 300px\" \/><\/a>Die <strong>Herbstversammlung<\/strong> fand am Freitag den 18. Oktober 2013 um 20 Uhr im Pfarrheim statt. Der Pilzexperte Till Lohmayer referierte \u00fcber Pilze zwischen Inn und Salzach.<\/td>\n<\/tr>\n<tr>\n<td><a href=\"https:\/\/www.gartenbauverein-altenmarkt.de\/cms\/wordpress\/wp-content\/uploads\/2013\/11\/Querbeet-in-Lampoding_1024.jpg\"><img loading=\"lazy\" decoding=\"async\" class=\"alignleft wp-image-138 size-medium\" src=\"https:\/\/www.gartenbauverein-altenmarkt.de\/cms\/wordpress\/wp-content\/uploads\/2013\/11\/Querbeet-in-Lampoding_1024-300x225.jpg\" alt=\"\" width=\"300\" height=\"225\" srcset=\"https:\/\/www.gartenbauverein-altenmarkt.de\/cms\/wordpress\/wp-content\/uploads\/2013\/11\/Querbeet-in-Lampoding_1024-300x225.jpg 300w, https:\/\/www.gartenbauverein-altenmarkt.de\/cms\/wordpress\/wp-content\/uploads\/2013\/11\/Querbeet-in-Lampoding_1024-624x468.jpg 624w, https:\/\/www.gartenbauverein-altenmarkt.de\/cms\/wordpress\/wp-content\/uploads\/2013\/11\/Querbeet-in-Lampoding_1024.jpg 1024w\" sizes=\"auto, (max-width: 300px) 100vw, 300px\" \/><\/a><strong>Ausstellung Kreisverband<\/strong><br \/>\n Der Gartenbauverein beteiligte sich am 12. und 13. Oktober 2013 in Lampoding bei der vom Kreisverband veranstalteten Ausstellung <strong>&#8222;Quer durch den Garten&#8220;<\/strong> mit dem Beitrag <strong>&#8222;Alles Herz&#8220;<\/strong>.<\/td>\n<\/tr>\n<tr>\n<td><a href=\"https:\/\/www.gartenbauverein-altenmarkt.de\/cms\/wordpress\/wp-content\/uploads\/2013\/11\/Besuch-im-Obstzentrum-in-Hallbergmoos_1024.jpg\"><img loading=\"lazy\" decoding=\"async\" class=\"size-medium wp-image-146 alignleft\" title=\"Besuch im Obstzentrum Hallbergmoos\" src=\"https:\/\/www.gartenbauverein-altenmarkt.de\/cms\/wordpress\/wp-content\/uploads\/2013\/11\/Besuch-im-Obstzentrum-in-Hallbergmoos_1024-300x225.jpg\" alt=\"Besuch-im-Obstzentrum-in-Hallbergmoos_1024\" width=\"300\" height=\"225\" srcset=\"https:\/\/www.gartenbauverein-altenmarkt.de\/cms\/wordpress\/wp-content\/uploads\/2013\/11\/Besuch-im-Obstzentrum-in-Hallbergmoos_1024-300x225.jpg 300w, https:\/\/www.gartenbauverein-altenmarkt.de\/cms\/wordpress\/wp-content\/uploads\/2013\/11\/Besuch-im-Obstzentrum-in-Hallbergmoos_1024-624x468.jpg 624w, https:\/\/www.gartenbauverein-altenmarkt.de\/cms\/wordpress\/wp-content\/uploads\/2013\/11\/Besuch-im-Obstzentrum-in-Hallbergmoos_1024.jpg 1024w\" sizes=\"auto, (max-width: 300px) 100vw, 300px\" \/><\/a><strong>Vereinsausflug 2013 nach Hallbergmoos und Freising<\/strong><br \/>\n Der diesj\u00e4hrige Ausflug fand am Samstag den 13. Juli 2013 statt. Mit den Trostberger Gartlern fuhren wir mit dem Bus zum Bayerischen Obstzentrum nach Hallbergmoos. Dort zeigte uns Dr. Michael Neum\u00fcller sein Obstzentrum, was er dort produziert und gab Informationen zum Sommerschnitt. Das anschlie\u00dfende Mittagessen wurde beim Neuwirt ein Hallbermoos eingenommen. Einige besichtigten am Nachmittag die Bischofsstadt Freising, der gr\u00f6\u00dfte Teil der Teilnehmer lies sich von den Lehr &#8211; und Staudeng\u00e4rten in Weihenstephan inspirieren. Das Bild zeigt die Reisegruppe vor dem Obstzentrum in Hallbergmoos.<\/td>\n<\/tr>\n<tr>\n<td><a href=\"https:\/\/www.gartenbauverein-altenmarkt.de\/cms\/wordpress\/wp-content\/uploads\/2013\/11\/Ehrung-2013-opt-aufg_1024.jpg\"><img loading=\"lazy\" decoding=\"async\" class=\"size-medium wp-image-148 alignleft\" title=\"Ehrungen 2013\" src=\"https:\/\/www.gartenbauverein-altenmarkt.de\/cms\/wordpress\/wp-content\/uploads\/2013\/11\/Ehrung-2013-opt-aufg_1024-300x200.jpg\" alt=\"Ehrung-2013-opt-aufg_1024\" width=\"300\" height=\"200\" srcset=\"https:\/\/www.gartenbauverein-altenmarkt.de\/cms\/wordpress\/wp-content\/uploads\/2013\/11\/Ehrung-2013-opt-aufg_1024-300x200.jpg 300w, https:\/\/www.gartenbauverein-altenmarkt.de\/cms\/wordpress\/wp-content\/uploads\/2013\/11\/Ehrung-2013-opt-aufg_1024-624x416.jpg 624w, https:\/\/www.gartenbauverein-altenmarkt.de\/cms\/wordpress\/wp-content\/uploads\/2013\/11\/Ehrung-2013-opt-aufg_1024.jpg 1024w\" sizes=\"auto, (max-width: 300px) 100vw, 300px\" \/><\/a><strong>Ehrungen M\u00e4rz 2013<\/strong><br \/>\n Von links: Johanna Niedermaier, Vorstand Josef M\u00f6rwald, Irmgard Altenweger, Ludwig Dietl, Anna Wurm, Irmgard Scholz<\/td>\n<\/tr>\n<\/tbody>\n<\/table>\n<p>&nbsp;<\/p>\n","protected":false},"excerpt":{"rendered":"<p>Altenmarkter Schwarzmarkt Der Blumen- und Pflanzentauschmarkt fand am Schwarzmarktsonntag 20. Oktober 2013 wieder beim Bahnhof statt. Im Bild sieht man Kerstin Zimmermann, Vorstand M\u00f6rwald und Waltraud Bierschneider am Stand des GBV. Die Herbstversammlung fand am Freitag den 18. Oktober 2013 um 20 Uhr im Pfarrheim statt. Der Pilzexperte Till Lohmayer referierte \u00fcber Pilze zwischen Inn [&hellip;]<\/p>\n","protected":false},"author":1,"featured_media":0,"parent":40,"menu_order":0,"comment_status":"closed","ping_status":"closed","template":"","meta":{"footnotes":""},"class_list":["post-386","page","type-page","status-publish","hentry"],"_links":{"self":[{"href":"https:\/\/www.gartenbauverein-altenmarkt.de\/cms\/wordpress\/index.php?rest_route=\/wp\/v2\/pages\/386","targetHints":{"allow":["GET"]}}],"collection":[{"href":"https:\/\/www.gartenbauverein-altenmarkt.de\/cms\/wordpress\/index.php?rest_route=\/wp\/v2\/pages"}],"about":[{"href":"https:\/\/www.gartenbauverein-altenmarkt.de\/cms\/wordpress\/index.php?rest_route=\/wp\/v2\/types\/page"}],"author":[{"embeddable":true,"href":"https:\/\/www.gartenbauverein-altenmarkt.de\/cms\/wordpress\/index.php?rest_route=\/wp\/v2\/users\/1"}],"replies":[{"embeddable":true,"href":"https:\/\/www.gartenbauverein-altenmarkt.de\/cms\/wordpress\/index.php?rest_route=%2Fwp%2Fv2%2Fcomments&post=386"}],"version-history":[{"count":4,"href":"https:\/\/www.gartenbauverein-altenmarkt.de\/cms\/wordpress\/index.php?rest_route=\/wp\/v2\/pages\/386\/revisions"}],"predecessor-version":[{"id":392,"href":"https:\/\/www.gartenbauverein-altenmarkt.de\/cms\/wordpress\/index.php?rest_route=\/wp\/v2\/pages\/386\/revisions\/392"}],"up":[{"embeddable":true,"href":"https:\/\/www.gartenbauverein-altenmarkt.de\/cms\/wordpress\/index.php?rest_route=\/wp\/v2\/pages\/40"}],"wp:attachment":[{"href":"https:\/\/www.gartenbauverein-altenmarkt.de\/cms\/wordpress\/index.php?rest_route=%2Fwp%2Fv2%2Fmedia&parent=386"}],"curies":[{"name":"wp","href":"https:\/\/api.w.org\/{rel}","templated":true}]}}