{"id":1274,"date":"2023-04-02T14:14:34","date_gmt":"2023-04-02T12:14:34","guid":{"rendered":"https:\/\/www.gartenbauverein-altenmarkt.de\/cms\/wordpress\/?page_id=1274"},"modified":"2023-04-02T14:24:13","modified_gmt":"2023-04-02T12:24:13","slug":"archiv-jugendarbeit-2021","status":"publish","type":"page","link":"https:\/\/www.gartenbauverein-altenmarkt.de\/cms\/wordpress\/?page_id=1274","title":{"rendered":"Archiv Jugendarbeit 2021"},"content":{"rendered":"\n<table style=\"font-size: 14px; width: 100.153%;\" border=\"0\">\n<tbody>\n<tr>\n<td>\n<div id=\"attachment_1129\" style=\"width: 235px\" class=\"wp-caption alignleft\"><a href=\"https:\/\/www.gartenbauverein-altenmarkt.de\/cms\/wordpress\/?attachment_id=1129\" rel=\"attachment wp-att-1129\"><img loading=\"lazy\" decoding=\"async\" aria-describedby=\"caption-attachment-1129\" class=\"size-medium wp-image-1129\" src=\"https:\/\/www.gartenbauverein-altenmarkt.de\/cms\/wordpress\/wp-content\/uploads\/2022\/02\/211204-Basteln-fuer-Weihnachten-225x300.jpg\" alt=\"\" width=\"225\" height=\"300\" srcset=\"https:\/\/www.gartenbauverein-altenmarkt.de\/cms\/wordpress\/wp-content\/uploads\/2022\/02\/211204-Basteln-fuer-Weihnachten-225x300.jpg 225w, https:\/\/www.gartenbauverein-altenmarkt.de\/cms\/wordpress\/wp-content\/uploads\/2022\/02\/211204-Basteln-fuer-Weihnachten-768x1024.jpg 768w, https:\/\/www.gartenbauverein-altenmarkt.de\/cms\/wordpress\/wp-content\/uploads\/2022\/02\/211204-Basteln-fuer-Weihnachten-624x832.jpg 624w, https:\/\/www.gartenbauverein-altenmarkt.de\/cms\/wordpress\/wp-content\/uploads\/2022\/02\/211204-Basteln-fuer-Weihnachten.jpg 1024w\" sizes=\"auto, (max-width: 225px) 100vw, 225px\" \/><\/a><p id=\"caption-attachment-1129\" class=\"wp-caption-text\">Ein fertiges Adventgesteck<\/p><\/div>\n<p>F\u00fcr die Weihnachtsdeko bekamen die Kinder eine Baumscheibe und eine Kerze. Die Baumscheibe mussten sie zu Hause mit Zapfen bekleben und die Kerzen mit einbauen. Zum Schluss wurde alles noch mit Zweigen dekoriert.<\/p>\n<\/td>\n<\/tr>\n<tr>\n<td>\n<div id=\"attachment_1122\" style=\"width: 235px\" class=\"wp-caption alignleft\"><a href=\"https:\/\/www.gartenbauverein-altenmarkt.de\/cms\/wordpress\/?attachment_id=1122\" rel=\"attachment wp-att-1122\"><img loading=\"lazy\" decoding=\"async\" aria-describedby=\"caption-attachment-1122\" class=\"size-medium wp-image-1122\" src=\"https:\/\/www.gartenbauverein-altenmarkt.de\/cms\/wordpress\/wp-content\/uploads\/2022\/02\/211030-Baumpflanzen-225x300.jpg\" alt=\"\" width=\"225\" height=\"300\" srcset=\"https:\/\/www.gartenbauverein-altenmarkt.de\/cms\/wordpress\/wp-content\/uploads\/2022\/02\/211030-Baumpflanzen-225x300.jpg 225w, https:\/\/www.gartenbauverein-altenmarkt.de\/cms\/wordpress\/wp-content\/uploads\/2022\/02\/211030-Baumpflanzen-768x1024.jpg 768w, https:\/\/www.gartenbauverein-altenmarkt.de\/cms\/wordpress\/wp-content\/uploads\/2022\/02\/211030-Baumpflanzen-624x832.jpg 624w, https:\/\/www.gartenbauverein-altenmarkt.de\/cms\/wordpress\/wp-content\/uploads\/2022\/02\/211030-Baumpflanzen.jpg 1024w\" sizes=\"auto, (max-width: 225px) 100vw, 225px\" \/><\/a><p id=\"caption-attachment-1122\" class=\"wp-caption-text\">Ein Baum ist gepflanzt<\/p><\/div>\n<p>Nach dem Erstellen der Blumenlasagne beteiligte sich die Gruppe bei der Pflanzung der Jubil\u00e4umsb\u00e4ume beim neu errichteten Waldkindergaten. Aus Anlass des 100 j\u00e4hrigen Bestehens des Gartenbauvereins im Jahr 2019 pflanzte die Vorstandschaft des Vereins dort zwei Bergahornb\u00e4ume. Hier durften sie einige Mitglieder der Vorstandschaft beim Ausheben der Pflanzgrube, bei der Pflanzung selbst und beim Wiederverf\u00fcllen unterst\u00fctzen. Zum Schluss wurden die beiden B\u00e4ume kr\u00e4ftig eingegossen und es wurde ein Erinnerungsbild aufgenommen<\/p>\n<\/td>\n<\/tr>\n<tr>\n<td style=\"width: 100%;\">\n<div id=\"attachment_1111\" style=\"width: 310px\" class=\"wp-caption alignleft\"><a href=\"https:\/\/www.gartenbauverein-altenmarkt.de\/cms\/wordpress\/?attachment_id=1111\" rel=\"attachment wp-att-1111\"><img loading=\"lazy\" decoding=\"async\" aria-describedby=\"caption-attachment-1111\" class=\"wp-image-1111\" src=\"https:\/\/www.gartenbauverein-altenmarkt.de\/cms\/wordpress\/wp-content\/uploads\/2022\/02\/221030-Blumenlasagne-300x225.jpg\" alt=\"\" width=\"300\" height=\"225\" srcset=\"https:\/\/www.gartenbauverein-altenmarkt.de\/cms\/wordpress\/wp-content\/uploads\/2022\/02\/221030-Blumenlasagne-300x225.jpg 300w, https:\/\/www.gartenbauverein-altenmarkt.de\/cms\/wordpress\/wp-content\/uploads\/2022\/02\/221030-Blumenlasagne-768x576.jpg 768w, https:\/\/www.gartenbauverein-altenmarkt.de\/cms\/wordpress\/wp-content\/uploads\/2022\/02\/221030-Blumenlasagne-624x468.jpg 624w, https:\/\/www.gartenbauverein-altenmarkt.de\/cms\/wordpress\/wp-content\/uploads\/2022\/02\/221030-Blumenlasagne.jpg 1024w\" sizes=\"auto, (max-width: 300px) 100vw, 300px\" \/><\/a><p id=\"caption-attachment-1111\" class=\"wp-caption-text\">Die Beh\u00e4lter werden bef\u00fcllt<\/p><\/div>\n<p>Am 30. Oktober trafen wir uns nach l\u00e4ngerer Zeit wieder in Rupertsdorf und erstellten eine Blumenzwiebellasagne. Jedes Kind bekam einen Topf, der unten mit einer Schicht Bl\u00e4hton und einer Schicht Erde bef\u00fcllt wurde. Darauf wurden die Tulpenzwiebel gelegt und wiederum mit Erde bedeckt. Jetzt kamen die Narzissen hinein und wiederum mit Erde bedeckt. Als n\u00e4chstes folgten Krokusse und Traubenhyazinthen. Das Ganze wurde noch mit Erde abgedeckt. F\u00fcr die Pflege gab es noch eine Anleitung mit nach Hause.<\/p>\n<\/td>\n<\/tr>\n<tr>\n<td style=\"width: 100%;\"><a href=\"https:\/\/www.gartenbauverein-altenmarkt.de\/cms\/wordpress\/?attachment_id=1106\" rel=\"attachment wp-att-1106\"><img loading=\"lazy\" decoding=\"async\" width=\"225\" height=\"300\" class=\"wp-image-1106 alignleft\" src=\"https:\/\/www.gartenbauverein-altenmarkt.de\/cms\/wordpress\/wp-content\/uploads\/2022\/02\/2109xx-Zapfenbarometer-225x300.jpg\" alt=\"\" srcset=\"https:\/\/www.gartenbauverein-altenmarkt.de\/cms\/wordpress\/wp-content\/uploads\/2022\/02\/2109xx-Zapfenbarometer-225x300.jpg 225w, https:\/\/www.gartenbauverein-altenmarkt.de\/cms\/wordpress\/wp-content\/uploads\/2022\/02\/2109xx-Zapfenbarometer-768x1024.jpg 768w, https:\/\/www.gartenbauverein-altenmarkt.de\/cms\/wordpress\/wp-content\/uploads\/2022\/02\/2109xx-Zapfenbarometer-624x832.jpg 624w, https:\/\/www.gartenbauverein-altenmarkt.de\/cms\/wordpress\/wp-content\/uploads\/2022\/02\/2109xx-Zapfenbarometer.jpg 1024w\" sizes=\"auto, (max-width: 225px) 100vw, 225px\" \/><\/a>\n<p>\u00a0<\/p>\n<p>F\u00fcr den September wurde das Material zum Erstellen eines Zapfenhygrometers zum Abholen vorbereitet. Sie mussten die Teile nur noch zusammenkleben und bemalen. Da immer noch etwas Gips \u00fcbrig war, konnten sie etwas f\u00fcr Gipsbl\u00e4tter mitnehmen Der Gips wurde mit Wasser zu einer streichfesten Masse anger\u00fchrt. Diese wurde dann auf die R\u00fcckseite eines Blattes gestrichen. Nach kurzer Trocknungszeit konnte das Blatt abgezogen und nach Belieben bemalt werden.<\/p>\n<\/td>\n<\/tr>\n<tr>\n<td style=\"width: 100%;\">\n<div id=\"attachment_1105\" style=\"width: 310px\" class=\"wp-caption alignleft\"><a href=\"https:\/\/www.gartenbauverein-altenmarkt.de\/cms\/wordpress\/?attachment_id=1105\" rel=\"attachment wp-att-1105\"><img loading=\"lazy\" decoding=\"async\" aria-describedby=\"caption-attachment-1105\" class=\"wp-image-1105\" src=\"https:\/\/www.gartenbauverein-altenmarkt.de\/cms\/wordpress\/wp-content\/uploads\/2022\/02\/2108xx-Marienkaefer-300x225.jpg\" alt=\"\" width=\"300\" height=\"225\" srcset=\"https:\/\/www.gartenbauverein-altenmarkt.de\/cms\/wordpress\/wp-content\/uploads\/2022\/02\/2108xx-Marienkaefer-300x225.jpg 300w, https:\/\/www.gartenbauverein-altenmarkt.de\/cms\/wordpress\/wp-content\/uploads\/2022\/02\/2108xx-Marienkaefer-768x576.jpg 768w, https:\/\/www.gartenbauverein-altenmarkt.de\/cms\/wordpress\/wp-content\/uploads\/2022\/02\/2108xx-Marienkaefer-624x468.jpg 624w, https:\/\/www.gartenbauverein-altenmarkt.de\/cms\/wordpress\/wp-content\/uploads\/2022\/02\/2108xx-Marienkaefer.jpg 1024w\" sizes=\"auto, (max-width: 300px) 100vw, 300px\" \/><\/a><p id=\"caption-attachment-1105\" class=\"wp-caption-text\">Biene und Marienk\u00e4fer<\/p><\/div>\n<p>F\u00fcr das Thema \u201eWir basteln und bemalen Marienk\u00e4fer und Bienen aus Gips\u201c wurden Toffifee-Formen mit Gips ausgegossen. Das waren dann die K\u00f6rper der Marienk\u00e4fer und Bienen. Die Kinder mussten sie nur noch anmalen und mit Wackelaugen bekleben.<\/p>\n<\/td>\n<\/tr>\n<tr>\n<td style=\"width: 100%;\">\n<div id=\"attachment_1104\" style=\"width: 310px\" class=\"wp-caption alignleft\"><a href=\"https:\/\/www.gartenbauverein-altenmarkt.de\/cms\/wordpress\/?attachment_id=1104\" rel=\"attachment wp-att-1104\"><img loading=\"lazy\" decoding=\"async\" aria-describedby=\"caption-attachment-1104\" class=\"wp-image-1104\" src=\"https:\/\/www.gartenbauverein-altenmarkt.de\/cms\/wordpress\/wp-content\/uploads\/2022\/02\/2107xx-Blumenreifendeko-300x225.jpg\" alt=\"\" width=\"300\" height=\"225\" srcset=\"https:\/\/www.gartenbauverein-altenmarkt.de\/cms\/wordpress\/wp-content\/uploads\/2022\/02\/2107xx-Blumenreifendeko-300x225.jpg 300w, https:\/\/www.gartenbauverein-altenmarkt.de\/cms\/wordpress\/wp-content\/uploads\/2022\/02\/2107xx-Blumenreifendeko-768x576.jpg 768w, https:\/\/www.gartenbauverein-altenmarkt.de\/cms\/wordpress\/wp-content\/uploads\/2022\/02\/2107xx-Blumenreifendeko-624x468.jpg 624w, https:\/\/www.gartenbauverein-altenmarkt.de\/cms\/wordpress\/wp-content\/uploads\/2022\/02\/2107xx-Blumenreifendeko.jpg 1024w\" sizes=\"auto, (max-width: 300px) 100vw, 300px\" \/><\/a><p id=\"caption-attachment-1104\" class=\"wp-caption-text\">2 geschm\u00fcckte Blumenreifen<\/p><\/div>\n<p>Im Juli wurde Material f\u00fcr eine Blumenreifen-Deko vorbereitet. Der Blumenreifen wurde zu Hause mit einer Schnur bespannt, in die dann Blumen und Samenst\u00e4nde gesteckt wurden. 18 Kinder beteiligten sich bei der Aktion.<\/p>\n<\/td>\n<\/tr>\n<tr>\n<td style=\"width: 100%;\">\n<div id=\"attachment_1103\" style=\"width: 235px\" class=\"wp-caption alignleft\"><a href=\"https:\/\/www.gartenbauverein-altenmarkt.de\/cms\/wordpress\/?attachment_id=1103\" rel=\"attachment wp-att-1103\"><img loading=\"lazy\" decoding=\"async\" aria-describedby=\"caption-attachment-1103\" class=\"wp-image-1103\" src=\"https:\/\/www.gartenbauverein-altenmarkt.de\/cms\/wordpress\/wp-content\/uploads\/2022\/02\/2106xx-Bienenwachstuecher-225x300.jpg\" alt=\"\" width=\"225\" height=\"300\" srcset=\"https:\/\/www.gartenbauverein-altenmarkt.de\/cms\/wordpress\/wp-content\/uploads\/2022\/02\/2106xx-Bienenwachstuecher-225x300.jpg 225w, https:\/\/www.gartenbauverein-altenmarkt.de\/cms\/wordpress\/wp-content\/uploads\/2022\/02\/2106xx-Bienenwachstuecher-768x1024.jpg 768w, https:\/\/www.gartenbauverein-altenmarkt.de\/cms\/wordpress\/wp-content\/uploads\/2022\/02\/2106xx-Bienenwachstuecher-624x832.jpg 624w, https:\/\/www.gartenbauverein-altenmarkt.de\/cms\/wordpress\/wp-content\/uploads\/2022\/02\/2106xx-Bienenwachstuecher.jpg 1024w\" sizes=\"auto, (max-width: 225px) 100vw, 225px\" \/><\/a><p id=\"caption-attachment-1103\" class=\"wp-caption-text\">Das fertige Bienenwachstuch<\/p><\/div>\n<p>Im Juni wurde das Material zur Erstellung von Bienenwachst\u00fcchern vorbereitet und abgeholt. Dazu mussten sie zu Hause nur auf ein Backpapier das vorbereitete Stoffst\u00fcck legen, Bienenwachs darauf verteilen, ein Backpapier darauf legen und alles b\u00fcgeln.<\/p>\n<\/td>\n<\/tr>\n<tr>\n<td style=\"width: 100%;\">\n<div id=\"attachment_1102\" style=\"width: 179px\" class=\"wp-caption alignleft\"><a class=\"wp-image-1102 alignleft\" href=\"https:\/\/www.gartenbauverein-altenmarkt.de\/cms\/wordpress\/?attachment_id=1102\" rel=\"attachment wp-att-1102\"><img loading=\"lazy\" decoding=\"async\" aria-describedby=\"caption-attachment-1102\" class=\"wp-image-1102\" src=\"https:\/\/www.gartenbauverein-altenmarkt.de\/cms\/wordpress\/wp-content\/uploads\/2022\/02\/2105xx-Muttertag-169x300.jpg\" alt=\"\" width=\"169\" height=\"300\" srcset=\"https:\/\/www.gartenbauverein-altenmarkt.de\/cms\/wordpress\/wp-content\/uploads\/2022\/02\/2105xx-Muttertag-169x300.jpg 169w, https:\/\/www.gartenbauverein-altenmarkt.de\/cms\/wordpress\/wp-content\/uploads\/2022\/02\/2105xx-Muttertag.jpg 432w\" sizes=\"auto, (max-width: 169px) 100vw, 169px\" \/><\/a><p id=\"caption-attachment-1102\" class=\"wp-caption-text\">Bemalte Steine<\/p><\/div>\n<p>F\u00fcr den Mutter- bzw. Vatertag konnten die Kinder im Mai zu Hause Steine bemalen.<\/p>\n<\/td>\n<\/tr>\n<tr>\n<td style=\"width: 100%;\">\n<div id=\"attachment_1101\" style=\"width: 179px\" class=\"wp-caption alignleft\"><a href=\"https:\/\/www.gartenbauverein-altenmarkt.de\/cms\/wordpress\/?attachment_id=1101\" rel=\"attachment wp-att-1101\"><img loading=\"lazy\" decoding=\"async\" aria-describedby=\"caption-attachment-1101\" class=\"wp-image-1101\" src=\"https:\/\/www.gartenbauverein-altenmarkt.de\/cms\/wordpress\/wp-content\/uploads\/2022\/02\/2104xx-Bohnenexperiment-169x300.jpg\" alt=\"\" width=\"169\" height=\"300\" srcset=\"https:\/\/www.gartenbauverein-altenmarkt.de\/cms\/wordpress\/wp-content\/uploads\/2022\/02\/2104xx-Bohnenexperiment-169x300.jpg 169w, https:\/\/www.gartenbauverein-altenmarkt.de\/cms\/wordpress\/wp-content\/uploads\/2022\/02\/2104xx-Bohnenexperiment-576x1024.jpg 576w, https:\/\/www.gartenbauverein-altenmarkt.de\/cms\/wordpress\/wp-content\/uploads\/2022\/02\/2104xx-Bohnenexperiment-768x1366.jpg 768w, https:\/\/www.gartenbauverein-altenmarkt.de\/cms\/wordpress\/wp-content\/uploads\/2022\/02\/2104xx-Bohnenexperiment-863x1536.jpg 863w, https:\/\/www.gartenbauverein-altenmarkt.de\/cms\/wordpress\/wp-content\/uploads\/2022\/02\/2104xx-Bohnenexperiment-624x1110.jpg 624w, https:\/\/www.gartenbauverein-altenmarkt.de\/cms\/wordpress\/wp-content\/uploads\/2022\/02\/2104xx-Bohnenexperiment.jpg 900w\" sizes=\"auto, (max-width: 169px) 100vw, 169px\" \/><\/a><p id=\"caption-attachment-1101\" class=\"wp-caption-text\">Die Samen beginnen zu keimen<\/p><\/div>\n<p>F\u00fcr das Bohnenexperiment und f\u00fcr die Sprengbohnen im April wurde das Material wiederum vorbereitet und zu Hause durchgef\u00fchrt. Die Kinder sollten dabei sehen, dass die Pflanze immer nach oben w\u00e4chst, egal wie der Samen eingelegt wird. Bei den Sprengbohnen sollten die Kinder sehen, welche Kraft Samenk\u00f6rner besitzen. Sie wurden deshalb in Gips gelegt.<\/p>\n<\/td>\n<\/tr>\n<tr>\n<td style=\"width: 100%;\">\n<div id=\"attachment_1098\" style=\"width: 310px\" class=\"wp-caption alignleft\"><a href=\"https:\/\/www.gartenbauverein-altenmarkt.de\/cms\/wordpress\/?attachment_id=1098\" rel=\"attachment wp-att-1098\"><img loading=\"lazy\" decoding=\"async\" aria-describedby=\"caption-attachment-1098\" class=\"wp-image-1098\" src=\"https:\/\/www.gartenbauverein-altenmarkt.de\/cms\/wordpress\/wp-content\/uploads\/2022\/02\/2103x-Ostern-300x225.jpg\" alt=\"\" width=\"300\" height=\"225\" srcset=\"https:\/\/www.gartenbauverein-altenmarkt.de\/cms\/wordpress\/wp-content\/uploads\/2022\/02\/2103x-Ostern-300x225.jpg 300w, https:\/\/www.gartenbauverein-altenmarkt.de\/cms\/wordpress\/wp-content\/uploads\/2022\/02\/2103x-Ostern-768x576.jpg 768w, https:\/\/www.gartenbauverein-altenmarkt.de\/cms\/wordpress\/wp-content\/uploads\/2022\/02\/2103x-Ostern-624x468.jpg 624w, https:\/\/www.gartenbauverein-altenmarkt.de\/cms\/wordpress\/wp-content\/uploads\/2022\/02\/2103x-Ostern.jpg 1024w\" sizes=\"auto, (max-width: 300px) 100vw, 300px\" \/><\/a><p id=\"caption-attachment-1098\" class=\"wp-caption-text\">Zwei Kinder bei der Erledigung ihrer Aufgabe<\/p><\/div>\n<p>Die Kinder bekamen im M\u00e4rz ein Rezept f\u00fcr ein Osterlamm zugesandt und eine Bastelanleitung f\u00fcr ein Osterei aus Klopapier. Das Rezept setzten die meisten Kinder mit ihren Mamas um und erstellten sch\u00f6ne Osterl\u00e4mmer. Das mit dem Rezept f\u00fcr ein Osterlamm kam sehr gut an. Einige Kinder bastelten auch sch\u00f6ne Ostereier und sandten Bilder davon zur\u00fcck. Wegen der Corona-Pandemie fanden 2021 nur sehr wenige Treffen statt, teilweise erhielten die Kinder die Materialien mit Aufgabenstellung f\u00fcr eine Erledigung zu Hause. Dies begann im M\u00e4rz 2021.<\/p>\n<\/td>\n<\/tr>\n<\/tbody>\n<\/table>\n","protected":false},"excerpt":{"rendered":"<p>F\u00fcr die Weihnachtsdeko bekamen die Kinder eine Baumscheibe und eine Kerze. Die Baumscheibe mussten sie zu Hause mit Zapfen bekleben und die Kerzen mit einbauen. Zum Schluss wurde alles noch mit Zweigen dekoriert. Nach dem Erstellen der Blumenlasagne beteiligte sich die Gruppe bei der Pflanzung der Jubil\u00e4umsb\u00e4ume beim neu errichteten Waldkindergaten. Aus Anlass des 100 [&hellip;]<\/p>\n","protected":false},"author":1,"featured_media":0,"parent":33,"menu_order":0,"comment_status":"closed","ping_status":"closed","template":"","meta":{"footnotes":""},"class_list":["post-1274","page","type-page","status-publish","hentry"],"_links":{"self":[{"href":"https:\/\/www.gartenbauverein-altenmarkt.de\/cms\/wordpress\/index.php?rest_route=\/wp\/v2\/pages\/1274","targetHints":{"allow":["GET"]}}],"collection":[{"href":"https:\/\/www.gartenbauverein-altenmarkt.de\/cms\/wordpress\/index.php?rest_route=\/wp\/v2\/pages"}],"about":[{"href":"https:\/\/www.gartenbauverein-altenmarkt.de\/cms\/wordpress\/index.php?rest_route=\/wp\/v2\/types\/page"}],"author":[{"embeddable":true,"href":"https:\/\/www.gartenbauverein-altenmarkt.de\/cms\/wordpress\/index.php?rest_route=\/wp\/v2\/users\/1"}],"replies":[{"embeddable":true,"href":"https:\/\/www.gartenbauverein-altenmarkt.de\/cms\/wordpress\/index.php?rest_route=%2Fwp%2Fv2%2Fcomments&post=1274"}],"version-history":[{"count":3,"href":"https:\/\/www.gartenbauverein-altenmarkt.de\/cms\/wordpress\/index.php?rest_route=\/wp\/v2\/pages\/1274\/revisions"}],"predecessor-version":[{"id":1279,"href":"https:\/\/www.gartenbauverein-altenmarkt.de\/cms\/wordpress\/index.php?rest_route=\/wp\/v2\/pages\/1274\/revisions\/1279"}],"up":[{"embeddable":true,"href":"https:\/\/www.gartenbauverein-altenmarkt.de\/cms\/wordpress\/index.php?rest_route=\/wp\/v2\/pages\/33"}],"wp:attachment":[{"href":"https:\/\/www.gartenbauverein-altenmarkt.de\/cms\/wordpress\/index.php?rest_route=%2Fwp%2Fv2%2Fmedia&parent=1274"}],"curies":[{"name":"wp","href":"https:\/\/api.w.org\/{rel}","templated":true}]}}