{"id":11,"date":"2013-03-03T11:01:33","date_gmt":"2013-03-03T09:01:33","guid":{"rendered":"http:\/\/idefix-gbv.bplaced.net\/wordpress_35-de\/wordpress\/?page_id=11"},"modified":"2025-02-11T12:27:09","modified_gmt":"2025-02-11T10:27:09","slug":"allgemeines","status":"publish","type":"page","link":"https:\/\/www.gartenbauverein-altenmarkt.de\/cms\/wordpress\/","title":{"rendered":"Allgemeines \/ Satzung"},"content":{"rendered":"<p>Der Gartenbauverein Altenmarkt\/Rabenden wurde am 30. M\u00e4rz 1919 als Obstbau- und Bienenzuchtverein gegr\u00fcndet. Vorsitzender wurde damals Gerbermeister Rechl. Im Jahre 1921 erscheint als 1. Vorsitzender bereits der Name Johann Dietl, der auch damals die Gr\u00fcndungsversammlung einberief. Er war bereits in jungen Jahren sehr r\u00fchrig, es wurden sehenswerte Obstausstellungen und Veredelungstage durchgef\u00fchrt. Im Dritten Reich wurde \u00fcber den Verein mehr verf\u00fcgt, als er selbst entscheiden konnte. Nach Beendigung des 2. Weltkrieges bl\u00fchte er wieder auf und konnte seinen Mitgliederstand stets vermehren. Mittlerweile hat er ca. 540 Mitglieder. Seit 2023 wird der Verein von Gabi Kipnick gef\u00fchrt.<\/p>\n<p>Der Verein h\u00e4lt j\u00e4hrlich im Fr\u00fchjahr (meist Freitag vor Palmsonntag) und Herbst eine Versammlung ab, in deren Verlauf interessante Fach- oder Diavortr\u00e4ge gehalten werden. In den letzten Jahren waren z. B. Kreisfachberater Markus Breier oder auch andere fachlich kompetente Referentinnen bzw. Referenten bei uns zu Gast.<\/p>\n<p>Im Herbst wird regelm\u00e4\u00dfig ein Blumen- und Pflanzentauschtag (im Regelfall am Kirchweihsonntag im Rahmen des Schwarzmarktes vom Unternehmen Altenmarkt) durchgef\u00fchrt. Baumschneide- bzw. Veredelungskurse werden vom Verein selbst bzw. vom Kreisverband oder von Nachbarvereinen zu gegebener Zeit angeboten.<\/p>\n<p>Meist wird auch ein Ausflug mit lohnendem Ziel oder der Besuch von Gartenschauen durchgef\u00fchrt.<\/p>\n<p>Der Verein beteiligt sich auch an diversen Wettbewerben, die vom Kreisverband oder vom Landkreis durchgef\u00fchrt werden.<\/p>\n<p>Informationen hierzu werden im Amtsblatt der Gemeinde oder im Trostberger Tagblatt ver\u00f6ffentlicht.<br \/>\nIm Amtsblatt erscheinen auch regelm\u00e4\u00dfig n\u00fctzliche Tipps und Anregungen f\u00fcr Gartenbesitzer.<\/p>\n<p><a href=\"https:\/\/www.gartenbauverein-altenmarkt.de\/cms\/wordpress\/wp-content\/uploads\/2018\/01\/Satzung-GBV-2018-Entwurf-1.pdf\" rel=\"attachment wp-att-689\">Satzung GBV 2018<\/a><\/p>\n","protected":false},"excerpt":{"rendered":"<p>Der Gartenbauverein Altenmarkt\/Rabenden wurde am 30. M\u00e4rz 1919 als Obstbau- und Bienenzuchtverein gegr\u00fcndet. Vorsitzender wurde damals Gerbermeister Rechl. Im Jahre 1921 erscheint als 1. Vorsitzender bereits der Name Johann Dietl, der auch damals die Gr\u00fcndungsversammlung einberief. Er war bereits in jungen Jahren sehr r\u00fchrig, es wurden sehenswerte Obstausstellungen und Veredelungstage durchgef\u00fchrt. Im Dritten Reich wurde [&hellip;]<\/p>\n","protected":false},"author":1,"featured_media":0,"parent":0,"menu_order":0,"comment_status":"closed","ping_status":"closed","template":"","meta":{"footnotes":""},"class_list":["post-11","page","type-page","status-publish","hentry"],"_links":{"self":[{"href":"https:\/\/www.gartenbauverein-altenmarkt.de\/cms\/wordpress\/index.php?rest_route=\/wp\/v2\/pages\/11","targetHints":{"allow":["GET"]}}],"collection":[{"href":"https:\/\/www.gartenbauverein-altenmarkt.de\/cms\/wordpress\/index.php?rest_route=\/wp\/v2\/pages"}],"about":[{"href":"https:\/\/www.gartenbauverein-altenmarkt.de\/cms\/wordpress\/index.php?rest_route=\/wp\/v2\/types\/page"}],"author":[{"embeddable":true,"href":"https:\/\/www.gartenbauverein-altenmarkt.de\/cms\/wordpress\/index.php?rest_route=\/wp\/v2\/users\/1"}],"replies":[{"embeddable":true,"href":"https:\/\/www.gartenbauverein-altenmarkt.de\/cms\/wordpress\/index.php?rest_route=%2Fwp%2Fv2%2Fcomments&post=11"}],"version-history":[{"count":18,"href":"https:\/\/www.gartenbauverein-altenmarkt.de\/cms\/wordpress\/index.php?rest_route=\/wp\/v2\/pages\/11\/revisions"}],"predecessor-version":[{"id":1546,"href":"https:\/\/www.gartenbauverein-altenmarkt.de\/cms\/wordpress\/index.php?rest_route=\/wp\/v2\/pages\/11\/revisions\/1546"}],"wp:attachment":[{"href":"https:\/\/www.gartenbauverein-altenmarkt.de\/cms\/wordpress\/index.php?rest_route=%2Fwp%2Fv2%2Fmedia&parent=11"}],"curies":[{"name":"wp","href":"https:\/\/api.w.org\/{rel}","templated":true}]}}